{"id":22805,"date":"2024-09-09T09:02:27","date_gmt":"2024-09-09T12:02:27","guid":{"rendered":"https:\/\/rutiniwines.com\/felipe-rutini\/"},"modified":"2025-06-05T10:44:18","modified_gmt":"2025-06-05T13:44:18","slug":"felipe-rutini","status":"publish","type":"page","link":"https:\/\/rutiniwines.com\/pt-br\/felipe-rutini\/","title":{"rendered":"Felipe Rutini"},"content":{"rendered":"\n<div class=\"wp-block-columns is-layout-flex wp-container-core-columns-is-layout-1da25be7 wp-block-columns-is-layout-flex\" id=\"vinos-box\" style=\"margin-bottom:0;padding-top:var(--wp--preset--spacing--80);padding-bottom:0\">\n<div class=\"wp-block-column is-layout-flow wp-block-column-is-layout-flow\">\n<div class=\"wp-block-columns is-layout-flex wp-container-core-columns-is-layout-28f84493 wp-block-columns-is-layout-flex\">\n<div class=\"wp-block-column is-layout-flow wp-block-column-is-layout-flow\">\n<h1 class=\"wp-block-heading has-text-align-center animated fadeInUp\">Felipe Rutini<\/h1>\n<\/div>\n<\/div>\n<\/div>\n<\/div>\n\n\n\n<div class=\"wp-block-columns margin-b-vinos is-layout-flex wp-container-core-columns-is-layout-159f51c6 wp-block-columns-is-layout-flex\" id=\"vinos-box\" style=\"margin-top:0\">\n<div class=\"wp-block-column is-layout-flow wp-block-column-is-layout-flow\">\n<div class=\"wp-block-columns are-vertically-aligned-center animated fadeIn is-layout-flex wp-container-core-columns-is-layout-28f84493 wp-block-columns-is-layout-flex\" id=\"col-in-vino\">\n<div class=\"wp-block-column is-vertically-aligned-center pad-box-in is-layout-flow wp-block-column-is-layout-flow\">\n<p>Homenagem a Felipe Rutini, representando a excelente qualidade dos Vinhos Rutini.\n\u00c9 o vinho \u00edcone da vin\u00edcola, um dos 50 melhores vinhos da Am\u00e9rica do Sul, sendo uma das marcas mais prestigiadas da Argentina. <\/p>\n\n\n\n<p>A produ\u00e7\u00e3o do Felipe Rutini come\u00e7ou em 1981 para ser lan\u00e7ado 4 anos depois, em 1985, comemorando o centen\u00e1rio da vin\u00edcola.\nL\u00edder em inova\u00e7\u00e3o no setor, foi o primeiro r\u00f3tulo a usar o nome de seu propriet\u00e1rio. <\/p>\n<\/div>\n\n\n\n<div class=\"wp-block-column is-vertically-aligned-center efecto-corte-gris is-layout-flow wp-block-column-is-layout-flow\">\n<figure class=\"wp-block-image size-full\"><img loading=\"lazy\" decoding=\"async\" width=\"612\" height=\"490\" src=\"https:\/\/rutiniwines.com\/wp-content\/uploads\/2024\/07\/felipe-rutini.jpg\" alt=\"\" class=\"wp-image-20105\" srcset=\"https:\/\/rutiniwines.com\/wp-content\/uploads\/2024\/07\/felipe-rutini.jpg 612w, https:\/\/rutiniwines.com\/wp-content\/uploads\/2024\/07\/felipe-rutini-300x240.jpg 300w\" sizes=\"auto, (max-width: 612px) 100vw, 612px\" \/><\/figure>\n<\/div>\n<\/div>\n<\/div>\n<\/div>\n\n\n\n<div class=\"wp-block-columns is-layout-flex wp-container-core-columns-is-layout-28f84493 wp-block-columns-is-layout-flex\" id=\"vinos-box\">\n<div class=\"wp-block-column is-layout-flow wp-block-column-is-layout-flow\" id=\"col-in-vino\">\n<div class=\"wp-block-columns is-layout-flex wp-container-core-columns-is-layout-28f84493 wp-block-columns-is-layout-flex\" id=\"vinos-box-slide\">\n<div class=\"wp-block-column is-layout-flow wp-block-column-is-layout-flow\">\n\t\t\t<div class=\"wp-block-uagb-post-carousel uagb-post-grid display-mobile uagb-post__image-position-top uagb-post__image-enabled uagb-block-7fe1b798     uagb-post__arrow-outside uagb-slick-carousel uagb-post__items uagb-post__columns-3 is-carousel uagb-post__columns-tablet-1 uagb-post__columns-mobile-1\" data-total=\"1\" style=\"\">\n\n\t\t\t\t\t\t\t\t\t\t\t\t<article class=\"uagb-post__inner-wrap\">\t\t\t\t\t\t\t\t<div class='uagb-post__image'>\n\t\t\t\t\t\t\t\t\t<a href=\"https:\/\/rutiniwines.com\/wp-content\/uploads\/2024\/10\/EN-Felipe-Rutini-2017.pdf\" target=\"_self\" rel=\"bookmark noopener noreferrer\"><img loading=\"lazy\" decoding=\"async\" width=\"768\" height=\"1525\" src=\"https:\/\/rutiniwines.com\/wp-content\/uploads\/2024\/09\/Felipe-Rutini-2015-768x1525.jpg\" class=\"attachment-medium_large size-medium_large\" alt=\"\" srcset=\"https:\/\/rutiniwines.com\/wp-content\/uploads\/2024\/09\/Felipe-Rutini-2015-768x1525.jpg 768w, https:\/\/rutiniwines.com\/wp-content\/uploads\/2024\/09\/Felipe-Rutini-2015-151x300.jpg 151w, https:\/\/rutiniwines.com\/wp-content\/uploads\/2024\/09\/Felipe-Rutini-2015-516x1024.jpg 516w, https:\/\/rutiniwines.com\/wp-content\/uploads\/2024\/09\/Felipe-Rutini-2015-774x1536.jpg 774w, https:\/\/rutiniwines.com\/wp-content\/uploads\/2024\/09\/Felipe-Rutini-2015.jpg 806w\" sizes=\"auto, (max-width: 768px) 100vw, 768px\" \/>\t\t\t\t\t<\/a>\n\t\t\t\t\t\t\t\t\t<\/div>\n\t\t\t\t\t\t<h4 class=\"uagb-post__title uagb-post__text\">\n\t\t\t\t<a href=\"https:\/\/rutiniwines.com\/wp-content\/uploads\/2024\/10\/EN-Felipe-Rutini-2017.pdf\" target=\"_self\" rel=\"bookmark noopener noreferrer\">Felipe Rutini 2017<\/a>\n\t\t\t<\/h4>\n\t\t\t\t\t\t<div class='uagb-post__text uagb-post-grid-byline'>\n\t\t\t\t\t\t\t<\/div>\n\t\t\t\t\t\t\t<div class='uagb-post__text uagb-post__excerpt'>\n\t\t\t\t\t<a href=\"https:\/\/rutiniwines.com\/wp-content\/uploads\/2024\/10\/EN-Felipe-Rutini-2017.pdf\" target=\"blank\" rel=\"noopener\"><i class=\"fa-regular fa-eye\"><\/i><\/a>\n\t\t\t\t<\/div>\n\t\t\t\n\t\t\t\t\t\t\t\t\t<\/article>\n\t\t\t\t\t\t\t\t\t\t\t\t\t\t\t\t<article class=\"uagb-post__inner-wrap\">\t\t\t\t\t\t\t\t<div class='uagb-post__image'>\n\t\t\t\t\t\t\t\t\t<a href=\"https:\/\/rutiniwines.com\/wp-content\/uploads\/2024\/10\/EN-Felipe-Rutini-1999.pdf\" target=\"_self\" rel=\"bookmark noopener noreferrer\"><img loading=\"lazy\" decoding=\"async\" width=\"768\" height=\"1525\" src=\"https:\/\/rutiniwines.com\/wp-content\/uploads\/2024\/09\/Felipe-Rutini-1997-768x1525.jpg\" class=\"attachment-medium_large size-medium_large\" alt=\"\" srcset=\"https:\/\/rutiniwines.com\/wp-content\/uploads\/2024\/09\/Felipe-Rutini-1997-768x1525.jpg 768w, https:\/\/rutiniwines.com\/wp-content\/uploads\/2024\/09\/Felipe-Rutini-1997-151x300.jpg 151w, https:\/\/rutiniwines.com\/wp-content\/uploads\/2024\/09\/Felipe-Rutini-1997-516x1024.jpg 516w, https:\/\/rutiniwines.com\/wp-content\/uploads\/2024\/09\/Felipe-Rutini-1997-774x1536.jpg 774w, https:\/\/rutiniwines.com\/wp-content\/uploads\/2024\/09\/Felipe-Rutini-1997.jpg 806w\" sizes=\"auto, (max-width: 768px) 100vw, 768px\" \/>\t\t\t\t\t<\/a>\n\t\t\t\t\t\t\t\t\t<\/div>\n\t\t\t\t\t\t<h4 class=\"uagb-post__title uagb-post__text\">\n\t\t\t\t<a href=\"https:\/\/rutiniwines.com\/wp-content\/uploads\/2024\/10\/EN-Felipe-Rutini-1999.pdf\" target=\"_self\" rel=\"bookmark noopener noreferrer\">Felipe Rutini 1999<\/a>\n\t\t\t<\/h4>\n\t\t\t\t\t\t<div class='uagb-post__text uagb-post-grid-byline'>\n\t\t\t\t\t\t\t<\/div>\n\t\t\t\t\t\t\t<div class='uagb-post__text uagb-post__excerpt'>\n\t\t\t\t\t<a href=\"https:\/\/rutiniwines.com\/wp-content\/uploads\/2024\/10\/EN-Felipe-Rutini-1999.pdf\" target=\"blank\" rel=\"noopener\"><i class=\"fa-regular fa-eye\"><\/i><\/a>\n\t\t\t\t<\/div>\n\t\t\t\n\t\t\t\t\t\t\t\t\t<\/article>\n\t\t\t\t\t\t\t\t\t\t\t\t\t\t\t\t<article class=\"uagb-post__inner-wrap\">\t\t\t\t\t\t\t\t<div class='uagb-post__image'>\n\t\t\t\t\t\t\t\t\t<a href=\"https:\/\/rutiniwines.com\/wp-content\/uploads\/2024\/10\/EN-Felipe-Rutini-2009.pdf\" target=\"_self\" rel=\"bookmark noopener noreferrer\"><img loading=\"lazy\" decoding=\"async\" width=\"768\" height=\"1525\" src=\"https:\/\/rutiniwines.com\/wp-content\/uploads\/2024\/09\/Felipe-Rutini-2015-768x1525.jpg\" class=\"attachment-medium_large size-medium_large\" alt=\"\" srcset=\"https:\/\/rutiniwines.com\/wp-content\/uploads\/2024\/09\/Felipe-Rutini-2015-768x1525.jpg 768w, https:\/\/rutiniwines.com\/wp-content\/uploads\/2024\/09\/Felipe-Rutini-2015-151x300.jpg 151w, https:\/\/rutiniwines.com\/wp-content\/uploads\/2024\/09\/Felipe-Rutini-2015-516x1024.jpg 516w, https:\/\/rutiniwines.com\/wp-content\/uploads\/2024\/09\/Felipe-Rutini-2015-774x1536.jpg 774w, https:\/\/rutiniwines.com\/wp-content\/uploads\/2024\/09\/Felipe-Rutini-2015.jpg 806w\" sizes=\"auto, (max-width: 768px) 100vw, 768px\" \/>\t\t\t\t\t<\/a>\n\t\t\t\t\t\t\t\t\t<\/div>\n\t\t\t\t\t\t<h4 class=\"uagb-post__title uagb-post__text\">\n\t\t\t\t<a href=\"https:\/\/rutiniwines.com\/wp-content\/uploads\/2024\/10\/EN-Felipe-Rutini-2009.pdf\" target=\"_self\" rel=\"bookmark noopener noreferrer\">Felipe Rutini 2009<\/a>\n\t\t\t<\/h4>\n\t\t\t\t\t\t<div class='uagb-post__text uagb-post-grid-byline'>\n\t\t\t\t\t\t\t<\/div>\n\t\t\t\t\t\t\t<div class='uagb-post__text uagb-post__excerpt'>\n\t\t\t\t\t<a href=\"https:\/\/rutiniwines.com\/wp-content\/uploads\/2024\/10\/EN-Felipe-Rutini-2009.pdf\" target=\"blank\" rel=\"noopener\"><i class=\"fa-regular fa-eye\"><\/i><\/a>\n\t\t\t\t<\/div>\n\t\t\t\n\t\t\t\t\t\t\t\t\t<\/article>\n\t\t\t\t\t\t\t\t\t\t\t\t\t\t\t\t<article class=\"uagb-post__inner-wrap\">\t\t\t\t\t\t\t\t<div class='uagb-post__image'>\n\t\t\t\t\t\t\t\t\t<a href=\"https:\/\/rutiniwines.com\/wp-content\/uploads\/2024\/10\/EN-Felipe-Rutini-2012.pdf\" target=\"_self\" rel=\"bookmark noopener noreferrer\"><img loading=\"lazy\" decoding=\"async\" width=\"768\" height=\"1525\" src=\"https:\/\/rutiniwines.com\/wp-content\/uploads\/2024\/09\/Felipe-Rutini-2015-768x1525.jpg\" class=\"attachment-medium_large size-medium_large\" alt=\"\" srcset=\"https:\/\/rutiniwines.com\/wp-content\/uploads\/2024\/09\/Felipe-Rutini-2015-768x1525.jpg 768w, https:\/\/rutiniwines.com\/wp-content\/uploads\/2024\/09\/Felipe-Rutini-2015-151x300.jpg 151w, https:\/\/rutiniwines.com\/wp-content\/uploads\/2024\/09\/Felipe-Rutini-2015-516x1024.jpg 516w, https:\/\/rutiniwines.com\/wp-content\/uploads\/2024\/09\/Felipe-Rutini-2015-774x1536.jpg 774w, https:\/\/rutiniwines.com\/wp-content\/uploads\/2024\/09\/Felipe-Rutini-2015.jpg 806w\" sizes=\"auto, (max-width: 768px) 100vw, 768px\" \/>\t\t\t\t\t<\/a>\n\t\t\t\t\t\t\t\t\t<\/div>\n\t\t\t\t\t\t<h4 class=\"uagb-post__title uagb-post__text\">\n\t\t\t\t<a href=\"https:\/\/rutiniwines.com\/wp-content\/uploads\/2024\/10\/EN-Felipe-Rutini-2012.pdf\" target=\"_self\" rel=\"bookmark noopener noreferrer\">Felipe Rutini 2012<\/a>\n\t\t\t<\/h4>\n\t\t\t\t\t\t<div class='uagb-post__text uagb-post-grid-byline'>\n\t\t\t\t\t\t\t<\/div>\n\t\t\t\t\t\t\t<div class='uagb-post__text uagb-post__excerpt'>\n\t\t\t\t\t<a href=\"https:\/\/rutiniwines.com\/wp-content\/uploads\/2024\/10\/EN-Felipe-Rutini-2012.pdf\" target=\"blank\" rel=\"noopener\"><i class=\"fa-regular fa-eye\"><\/i><\/a>\n\t\t\t\t<\/div>\n\t\t\t\n\t\t\t\t\t\t\t\t\t<\/article>\n\t\t\t\t\t\t\t\t\t\t\t\t\t\t\t\t<article class=\"uagb-post__inner-wrap\">\t\t\t\t\t\t\t\t<div class='uagb-post__image'>\n\t\t\t\t\t\t\t\t\t<a href=\"https:\/\/rutiniwines.com\/wp-content\/uploads\/2024\/10\/EN-Felipe-Rutini-1997.pdf\" target=\"_self\" rel=\"bookmark noopener noreferrer\"><img loading=\"lazy\" decoding=\"async\" width=\"768\" height=\"1525\" src=\"https:\/\/rutiniwines.com\/wp-content\/uploads\/2024\/09\/Felipe-Rutini-1997-768x1525.jpg\" class=\"attachment-medium_large size-medium_large\" alt=\"\" srcset=\"https:\/\/rutiniwines.com\/wp-content\/uploads\/2024\/09\/Felipe-Rutini-1997-768x1525.jpg 768w, https:\/\/rutiniwines.com\/wp-content\/uploads\/2024\/09\/Felipe-Rutini-1997-151x300.jpg 151w, https:\/\/rutiniwines.com\/wp-content\/uploads\/2024\/09\/Felipe-Rutini-1997-516x1024.jpg 516w, https:\/\/rutiniwines.com\/wp-content\/uploads\/2024\/09\/Felipe-Rutini-1997-774x1536.jpg 774w, https:\/\/rutiniwines.com\/wp-content\/uploads\/2024\/09\/Felipe-Rutini-1997.jpg 806w\" sizes=\"auto, (max-width: 768px) 100vw, 768px\" \/>\t\t\t\t\t<\/a>\n\t\t\t\t\t\t\t\t\t<\/div>\n\t\t\t\t\t\t<h4 class=\"uagb-post__title uagb-post__text\">\n\t\t\t\t<a href=\"https:\/\/rutiniwines.com\/wp-content\/uploads\/2024\/10\/EN-Felipe-Rutini-1997.pdf\" target=\"_self\" rel=\"bookmark noopener noreferrer\">Felipe Rutini 1997<\/a>\n\t\t\t<\/h4>\n\t\t\t\t\t\t<div class='uagb-post__text uagb-post-grid-byline'>\n\t\t\t\t\t\t\t<\/div>\n\t\t\t\t\t\t\t<div class='uagb-post__text uagb-post__excerpt'>\n\t\t\t\t\t<a href=\"https:\/\/rutiniwines.com\/wp-content\/uploads\/2024\/10\/EN-Felipe-Rutini-1997.pdf\" target=\"blank\" rel=\"noopener\"><i class=\"fa-regular fa-eye\"><\/i><\/a>\n\t\t\t\t<\/div>\n\t\t\t\n\t\t\t\t\t\t\t\t\t<\/article>\n\t\t\t\t\t\t\t\t\t\t\t\t\t\t\t\t<article class=\"uagb-post__inner-wrap\">\t\t\t\t\t\t\t\t<div class='uagb-post__image'>\n\t\t\t\t\t\t\t\t\t<a href=\"https:\/\/rutiniwines.com\/wp-content\/uploads\/2024\/10\/EN-Felipe-Rutini-2013-2014-2015.pdf\" target=\"_self\" rel=\"bookmark noopener noreferrer\"><img loading=\"lazy\" decoding=\"async\" width=\"768\" height=\"1525\" src=\"https:\/\/rutiniwines.com\/wp-content\/uploads\/2024\/09\/Felipe-Rutini-2015-768x1525.jpg\" class=\"attachment-medium_large size-medium_large\" alt=\"\" srcset=\"https:\/\/rutiniwines.com\/wp-content\/uploads\/2024\/09\/Felipe-Rutini-2015-768x1525.jpg 768w, https:\/\/rutiniwines.com\/wp-content\/uploads\/2024\/09\/Felipe-Rutini-2015-151x300.jpg 151w, https:\/\/rutiniwines.com\/wp-content\/uploads\/2024\/09\/Felipe-Rutini-2015-516x1024.jpg 516w, https:\/\/rutiniwines.com\/wp-content\/uploads\/2024\/09\/Felipe-Rutini-2015-774x1536.jpg 774w, https:\/\/rutiniwines.com\/wp-content\/uploads\/2024\/09\/Felipe-Rutini-2015.jpg 806w\" sizes=\"auto, (max-width: 768px) 100vw, 768px\" \/>\t\t\t\t\t<\/a>\n\t\t\t\t\t\t\t\t\t<\/div>\n\t\t\t\t\t\t<h4 class=\"uagb-post__title uagb-post__text\">\n\t\t\t\t<a href=\"https:\/\/rutiniwines.com\/wp-content\/uploads\/2024\/10\/EN-Felipe-Rutini-2013-2014-2015.pdf\" target=\"_self\" rel=\"bookmark noopener noreferrer\">Felipe Rutini 2015<\/a>\n\t\t\t<\/h4>\n\t\t\t\t\t\t<div class='uagb-post__text uagb-post-grid-byline'>\n\t\t\t\t\t\t\t<\/div>\n\t\t\t\t\t\t\t<div class='uagb-post__text uagb-post__excerpt'>\n\t\t\t\t\t<a href=\"https:\/\/rutiniwines.com\/wp-content\/uploads\/2024\/10\/EN-Felipe-Rutini-2013-2014-2015.pdf\" target=\"blank\" rel=\"noopener\"><i class=\"fa-regular fa-eye\"><\/i><\/a>\n\t\t\t\t<\/div>\n\t\t\t\n\t\t\t\t\t\t\t\t\t<\/article>\n\t\t\t\t\t\t\t\t\t\t\t<\/div>\n\t\t\t<\/div>\n<\/div>\n<\/div>\n<\/div>\n","protected":false},"excerpt":{"rendered":"<p>Felipe Rutini Homenagem a Felipe Rutini, representando a excelente qualidade dos Vinhos Rutini. \u00c9 o vinho \u00edcone da vin\u00edcola, um [&hellip;]<\/p>\n","protected":false},"author":3,"featured_media":0,"parent":0,"menu_order":0,"comment_status":"closed","ping_status":"closed","template":"","meta":{"_uag_custom_page_level_css":"","site-sidebar-layout":"default","site-content-layout":"","ast-site-content-layout":"default","site-content-style":"default","site-sidebar-style":"default","ast-global-header-display":"","ast-banner-title-visibility":"","ast-main-header-display":"","ast-hfb-above-header-display":"","ast-hfb-below-header-display":"","ast-hfb-mobile-header-display":"","site-post-title":"","ast-breadcrumbs-content":"","ast-featured-img":"","footer-sml-layout":"","ast-disable-related-posts":"","theme-transparent-header-meta":"","adv-header-id-meta":"","stick-header-meta":"","header-above-stick-meta":"","header-main-stick-meta":"","header-below-stick-meta":"","astra-migrate-meta-layouts":"default","ast-page-background-enabled":"default","ast-page-background-meta":{"desktop":{"background-color":"var(--ast-global-color-4)","background-image":"","background-repeat":"repeat","background-position":"center center","background-size":"auto","background-attachment":"scroll","background-type":"","background-media":"","overlay-type":"","overlay-color":"","overlay-opacity":"","overlay-gradient":""},"tablet":{"background-color":"","background-image":"","background-repeat":"repeat","background-position":"center center","background-size":"auto","background-attachment":"scroll","background-type":"","background-media":"","overlay-type":"","overlay-color":"","overlay-opacity":"","overlay-gradient":""},"mobile":{"background-color":"","background-image":"","background-repeat":"repeat","background-position":"center center","background-size":"auto","background-attachment":"scroll","background-type":"","background-media":"","overlay-type":"","overlay-color":"","overlay-opacity":"","overlay-gradient":""}},"ast-content-background-meta":{"desktop":{"background-color":"var(--ast-global-color-5)","background-image":"","background-repeat":"repeat","background-position":"center center","background-size":"auto","background-attachment":"scroll","background-type":"","background-media":"","overlay-type":"","overlay-color":"","overlay-opacity":"","overlay-gradient":""},"tablet":{"background-color":"var(--ast-global-color-5)","background-image":"","background-repeat":"repeat","background-position":"center center","background-size":"auto","background-attachment":"scroll","background-type":"","background-media":"","overlay-type":"","overlay-color":"","overlay-opacity":"","overlay-gradient":""},"mobile":{"background-color":"var(--ast-global-color-5)","background-image":"","background-repeat":"repeat","background-position":"center center","background-size":"auto","background-attachment":"scroll","background-type":"","background-media":"","overlay-type":"","overlay-color":"","overlay-opacity":"","overlay-gradient":""}},"footnotes":"","_links_to":"","_links_to_target":""},"class_list":["post-22805","page","type-page","status-publish","hentry"],"yoast_head":"<!-- This site is optimized with the Yoast SEO plugin v26.8 - https:\/\/yoast.com\/product\/yoast-seo-wordpress\/ -->\n<title>Felipe Rutini - Bodega Rutini Wines<\/title>\n<meta name=\"description\" content=\"\u00c9 o vinho \u00edcone da vin\u00edcola, um dos 50 melhores vinhos da Am\u00e9rica do Sul, sendo uma das marcas mais prestigiadas da Argentina.\" \/>\n<meta name=\"robots\" content=\"index, follow, max-snippet:-1, max-image-preview:large, max-video-preview:-1\" \/>\n<link rel=\"canonical\" href=\"https:\/\/rutiniwines.com\/pt-br\/felipe-rutini\/\" \/>\n<meta property=\"og:locale\" content=\"pt_BR\" \/>\n<meta property=\"og:type\" content=\"article\" \/>\n<meta property=\"og:title\" content=\"Felipe Rutini - Bodega Rutini Wines\" \/>\n<meta property=\"og:description\" content=\"\u00c9 o vinho \u00edcone da vin\u00edcola, um dos 50 melhores vinhos da Am\u00e9rica do Sul, sendo uma das marcas mais prestigiadas da Argentina.\" \/>\n<meta property=\"og:url\" content=\"https:\/\/rutiniwines.com\/pt-br\/felipe-rutini\/\" \/>\n<meta property=\"og:site_name\" content=\"Bodega Rutini Wines\" \/>\n<meta property=\"article:modified_time\" content=\"2025-06-05T13:44:18+00:00\" \/>\n<meta property=\"og:image\" content=\"https:\/\/rutiniwines.com\/wp-content\/uploads\/2024\/07\/felipe-rutini.jpg\" \/>\n\t<meta property=\"og:image:width\" content=\"612\" \/>\n\t<meta property=\"og:image:height\" content=\"490\" \/>\n\t<meta property=\"og:image:type\" content=\"image\/jpeg\" \/>\n<meta name=\"twitter:card\" content=\"summary_large_image\" \/>\n<meta name=\"twitter:label1\" content=\"Est. tempo de leitura\" \/>\n\t<meta name=\"twitter:data1\" content=\"1 minuto\" \/>\n<script type=\"application\/ld+json\" class=\"yoast-schema-graph\">{\"@context\":\"https:\/\/schema.org\",\"@graph\":[{\"@type\":\"WebPage\",\"@id\":\"https:\/\/rutiniwines.com\/pt-br\/felipe-rutini\/\",\"url\":\"https:\/\/rutiniwines.com\/pt-br\/felipe-rutini\/\",\"name\":\"Felipe Rutini - Bodega Rutini Wines\",\"isPartOf\":{\"@id\":\"https:\/\/rutiniwines.com\/#website\"},\"primaryImageOfPage\":{\"@id\":\"https:\/\/rutiniwines.com\/pt-br\/felipe-rutini\/#primaryimage\"},\"image\":{\"@id\":\"https:\/\/rutiniwines.com\/pt-br\/felipe-rutini\/#primaryimage\"},\"thumbnailUrl\":\"https:\/\/rutiniwines.com\/wp-content\/uploads\/2024\/07\/felipe-rutini.jpg\",\"datePublished\":\"2024-09-09T12:02:27+00:00\",\"dateModified\":\"2025-06-05T13:44:18+00:00\",\"description\":\"\u00c9 o vinho \u00edcone da vin\u00edcola, um dos 50 melhores vinhos da Am\u00e9rica do Sul, sendo uma das marcas mais prestigiadas da Argentina.\",\"breadcrumb\":{\"@id\":\"https:\/\/rutiniwines.com\/pt-br\/felipe-rutini\/#breadcrumb\"},\"inLanguage\":\"pt-BR\",\"potentialAction\":[{\"@type\":\"ReadAction\",\"target\":[\"https:\/\/rutiniwines.com\/pt-br\/felipe-rutini\/\"]}]},{\"@type\":\"ImageObject\",\"inLanguage\":\"pt-BR\",\"@id\":\"https:\/\/rutiniwines.com\/pt-br\/felipe-rutini\/#primaryimage\",\"url\":\"https:\/\/rutiniwines.com\/wp-content\/uploads\/2024\/07\/felipe-rutini.jpg\",\"contentUrl\":\"https:\/\/rutiniwines.com\/wp-content\/uploads\/2024\/07\/felipe-rutini.jpg\"},{\"@type\":\"BreadcrumbList\",\"@id\":\"https:\/\/rutiniwines.com\/pt-br\/felipe-rutini\/#breadcrumb\",\"itemListElement\":[{\"@type\":\"ListItem\",\"position\":1,\"name\":\"Portada\",\"item\":\"https:\/\/rutiniwines.com\/pt-br\/\"},{\"@type\":\"ListItem\",\"position\":2,\"name\":\"Felipe Rutini\"}]},{\"@type\":\"WebSite\",\"@id\":\"https:\/\/rutiniwines.com\/#website\",\"url\":\"https:\/\/rutiniwines.com\/\",\"name\":\"Bodega Rutini Wines\",\"description\":\"Valle de Uco - Mendoza - Argentina\",\"publisher\":{\"@id\":\"https:\/\/rutiniwines.com\/#organization\"},\"potentialAction\":[{\"@type\":\"SearchAction\",\"target\":{\"@type\":\"EntryPoint\",\"urlTemplate\":\"https:\/\/rutiniwines.com\/?s={search_term_string}\"},\"query-input\":{\"@type\":\"PropertyValueSpecification\",\"valueRequired\":true,\"valueName\":\"search_term_string\"}}],\"inLanguage\":\"pt-BR\"},{\"@type\":\"Organization\",\"@id\":\"https:\/\/rutiniwines.com\/#organization\",\"name\":\"Rutini Wines\",\"alternateName\":\"Rutini\",\"url\":\"https:\/\/rutiniwines.com\/\",\"logo\":{\"@type\":\"ImageObject\",\"inLanguage\":\"pt-BR\",\"@id\":\"https:\/\/rutiniwines.com\/#\/schema\/logo\/image\/\",\"url\":\"https:\/\/rutiniwines.com\/wp-content\/uploads\/2024\/06\/rutini.png\",\"contentUrl\":\"https:\/\/rutiniwines.com\/wp-content\/uploads\/2024\/06\/rutini.png\",\"width\":313,\"height\":56,\"caption\":\"Rutini Wines\"},\"image\":{\"@id\":\"https:\/\/rutiniwines.com\/#\/schema\/logo\/image\/\"}}]}<\/script>\n<!-- \/ Yoast SEO plugin. -->","yoast_head_json":{"title":"Felipe Rutini - Bodega Rutini Wines","description":"\u00c9 o vinho \u00edcone da vin\u00edcola, um dos 50 melhores vinhos da Am\u00e9rica do Sul, sendo uma das marcas mais prestigiadas da Argentina.","robots":{"index":"index","follow":"follow","max-snippet":"max-snippet:-1","max-image-preview":"max-image-preview:large","max-video-preview":"max-video-preview:-1"},"canonical":"https:\/\/rutiniwines.com\/pt-br\/felipe-rutini\/","og_locale":"pt_BR","og_type":"article","og_title":"Felipe Rutini - Bodega Rutini Wines","og_description":"\u00c9 o vinho \u00edcone da vin\u00edcola, um dos 50 melhores vinhos da Am\u00e9rica do Sul, sendo uma das marcas mais prestigiadas da Argentina.","og_url":"https:\/\/rutiniwines.com\/pt-br\/felipe-rutini\/","og_site_name":"Bodega Rutini Wines","article_modified_time":"2025-06-05T13:44:18+00:00","og_image":[{"width":612,"height":490,"url":"https:\/\/rutiniwines.com\/wp-content\/uploads\/2024\/07\/felipe-rutini.jpg","type":"image\/jpeg"}],"twitter_card":"summary_large_image","twitter_misc":{"Est. tempo de leitura":"1 minuto"},"schema":{"@context":"https:\/\/schema.org","@graph":[{"@type":"WebPage","@id":"https:\/\/rutiniwines.com\/pt-br\/felipe-rutini\/","url":"https:\/\/rutiniwines.com\/pt-br\/felipe-rutini\/","name":"Felipe Rutini - Bodega Rutini Wines","isPartOf":{"@id":"https:\/\/rutiniwines.com\/#website"},"primaryImageOfPage":{"@id":"https:\/\/rutiniwines.com\/pt-br\/felipe-rutini\/#primaryimage"},"image":{"@id":"https:\/\/rutiniwines.com\/pt-br\/felipe-rutini\/#primaryimage"},"thumbnailUrl":"https:\/\/rutiniwines.com\/wp-content\/uploads\/2024\/07\/felipe-rutini.jpg","datePublished":"2024-09-09T12:02:27+00:00","dateModified":"2025-06-05T13:44:18+00:00","description":"\u00c9 o vinho \u00edcone da vin\u00edcola, um dos 50 melhores vinhos da Am\u00e9rica do Sul, sendo uma das marcas mais prestigiadas da Argentina.","breadcrumb":{"@id":"https:\/\/rutiniwines.com\/pt-br\/felipe-rutini\/#breadcrumb"},"inLanguage":"pt-BR","potentialAction":[{"@type":"ReadAction","target":["https:\/\/rutiniwines.com\/pt-br\/felipe-rutini\/"]}]},{"@type":"ImageObject","inLanguage":"pt-BR","@id":"https:\/\/rutiniwines.com\/pt-br\/felipe-rutini\/#primaryimage","url":"https:\/\/rutiniwines.com\/wp-content\/uploads\/2024\/07\/felipe-rutini.jpg","contentUrl":"https:\/\/rutiniwines.com\/wp-content\/uploads\/2024\/07\/felipe-rutini.jpg"},{"@type":"BreadcrumbList","@id":"https:\/\/rutiniwines.com\/pt-br\/felipe-rutini\/#breadcrumb","itemListElement":[{"@type":"ListItem","position":1,"name":"Portada","item":"https:\/\/rutiniwines.com\/pt-br\/"},{"@type":"ListItem","position":2,"name":"Felipe Rutini"}]},{"@type":"WebSite","@id":"https:\/\/rutiniwines.com\/#website","url":"https:\/\/rutiniwines.com\/","name":"Bodega Rutini Wines","description":"Valle de Uco - Mendoza - Argentina","publisher":{"@id":"https:\/\/rutiniwines.com\/#organization"},"potentialAction":[{"@type":"SearchAction","target":{"@type":"EntryPoint","urlTemplate":"https:\/\/rutiniwines.com\/?s={search_term_string}"},"query-input":{"@type":"PropertyValueSpecification","valueRequired":true,"valueName":"search_term_string"}}],"inLanguage":"pt-BR"},{"@type":"Organization","@id":"https:\/\/rutiniwines.com\/#organization","name":"Rutini Wines","alternateName":"Rutini","url":"https:\/\/rutiniwines.com\/","logo":{"@type":"ImageObject","inLanguage":"pt-BR","@id":"https:\/\/rutiniwines.com\/#\/schema\/logo\/image\/","url":"https:\/\/rutiniwines.com\/wp-content\/uploads\/2024\/06\/rutini.png","contentUrl":"https:\/\/rutiniwines.com\/wp-content\/uploads\/2024\/06\/rutini.png","width":313,"height":56,"caption":"Rutini Wines"},"image":{"@id":"https:\/\/rutiniwines.com\/#\/schema\/logo\/image\/"}}]}},"uagb_featured_image_src":{"full":false,"thumbnail":false,"medium":false,"medium_large":false,"large":false,"1536x1536":false,"2048x2048":false},"uagb_author_info":{"display_name":"natydamele","author_link":"https:\/\/rutiniwines.com\/pt-br\/author\/natydamele\/"},"uagb_comment_info":0,"uagb_excerpt":"Felipe Rutini Homenagem a Felipe Rutini, representando a excelente qualidade dos Vinhos Rutini. \u00c9 o vinho \u00edcone da vin\u00edcola, um [&hellip;]","_links":{"self":[{"href":"https:\/\/rutiniwines.com\/pt-br\/wp-json\/wp\/v2\/pages\/22805","targetHints":{"allow":["GET"]}}],"collection":[{"href":"https:\/\/rutiniwines.com\/pt-br\/wp-json\/wp\/v2\/pages"}],"about":[{"href":"https:\/\/rutiniwines.com\/pt-br\/wp-json\/wp\/v2\/types\/page"}],"author":[{"embeddable":true,"href":"https:\/\/rutiniwines.com\/pt-br\/wp-json\/wp\/v2\/users\/3"}],"replies":[{"embeddable":true,"href":"https:\/\/rutiniwines.com\/pt-br\/wp-json\/wp\/v2\/comments?post=22805"}],"version-history":[{"count":4,"href":"https:\/\/rutiniwines.com\/pt-br\/wp-json\/wp\/v2\/pages\/22805\/revisions"}],"predecessor-version":[{"id":25978,"href":"https:\/\/rutiniwines.com\/pt-br\/wp-json\/wp\/v2\/pages\/22805\/revisions\/25978"}],"wp:attachment":[{"href":"https:\/\/rutiniwines.com\/pt-br\/wp-json\/wp\/v2\/media?parent=22805"}],"curies":[{"name":"wp","href":"https:\/\/api.w.org\/{rel}","templated":true}]}}