{"id":22816,"date":"2024-09-13T08:56:16","date_gmt":"2024-09-13T11:56:16","guid":{"rendered":"https:\/\/rutiniwines.com\/antologia\/"},"modified":"2025-06-05T10:42:43","modified_gmt":"2025-06-05T13:42:43","slug":"antologia","status":"publish","type":"page","link":"https:\/\/rutiniwines.com\/pt-br\/antologia\/","title":{"rendered":"Antolog\u00eda"},"content":{"rendered":"\n<div class=\"wp-block-columns is-layout-flex wp-container-core-columns-is-layout-1da25be7 wp-block-columns-is-layout-flex\" id=\"vinos-box\" style=\"margin-bottom:0;padding-top:var(--wp--preset--spacing--80);padding-bottom:0\">\n<div class=\"wp-block-column is-layout-flow wp-block-column-is-layout-flow\">\n<div class=\"wp-block-columns is-layout-flex wp-container-core-columns-is-layout-28f84493 wp-block-columns-is-layout-flex\">\n<div class=\"wp-block-column is-layout-flow wp-block-column-is-layout-flow\">\n<h1 class=\"wp-block-heading has-text-align-center animated fadeInUp\">Antolog\u00eda<\/h1>\n<\/div>\n<\/div>\n<\/div>\n<\/div>\n\n\n\n<div class=\"wp-block-columns margin-b-vinos is-layout-flex wp-container-core-columns-is-layout-159f51c6 wp-block-columns-is-layout-flex\" id=\"vinos-box\" style=\"margin-top:0\">\n<div class=\"wp-block-column is-layout-flow wp-block-column-is-layout-flow\">\n<div class=\"wp-block-columns are-vertically-aligned-center animated fadeIn is-layout-flex wp-container-core-columns-is-layout-28f84493 wp-block-columns-is-layout-flex\" id=\"col-in-vino\">\n<div class=\"wp-block-column is-vertically-aligned-center pad-box-in is-layout-flow wp-block-column-is-layout-flow\">\n<p>Uma produ\u00e7\u00e3o limitada, edi\u00e7\u00e3o especial.\n<br>Em 1997, com o desejo de expandir a gama de vinhos ultra premium de uma forma original, o diretor de vinifica\u00e7\u00e3o Mariano Di Paola criou a linha Anthology, uma edi\u00e7\u00e3o limitada de vinhos premium, representada por n\u00fameros romanos, respectivamente.\nMariano Di Paola analisa cada safra para encontrar as variedades que se destacam.\nIsso permite que ele selecione os barris que se destacam por sua produ\u00e7\u00e3o.   <\/p>\n<\/div>\n\n\n\n<div class=\"wp-block-column is-vertically-aligned-center efecto-corte-gris is-layout-flow wp-block-column-is-layout-flow\">\n<figure class=\"wp-block-image size-full\"><img loading=\"lazy\" decoding=\"async\" width=\"1000\" height=\"800\" src=\"https:\/\/rutiniwines.com\/wp-content\/uploads\/2024\/08\/02-Antologia-1.jpg\" alt=\"\" class=\"wp-image-20524\" srcset=\"https:\/\/rutiniwines.com\/wp-content\/uploads\/2024\/08\/02-Antologia-1.jpg 1000w, https:\/\/rutiniwines.com\/wp-content\/uploads\/2024\/08\/02-Antologia-1-300x240.jpg 300w, https:\/\/rutiniwines.com\/wp-content\/uploads\/2024\/08\/02-Antologia-1-768x614.jpg 768w\" sizes=\"auto, (max-width: 1000px) 100vw, 1000px\" \/><\/figure>\n<\/div>\n<\/div>\n<\/div>\n<\/div>\n\n\n\n<div class=\"wp-block-columns is-layout-flex wp-container-core-columns-is-layout-28f84493 wp-block-columns-is-layout-flex\" id=\"vinos-box\">\n<div class=\"wp-block-column is-layout-flow wp-block-column-is-layout-flow\" id=\"col-in-vino\">\n<div class=\"wp-block-columns is-layout-flex wp-container-core-columns-is-layout-28f84493 wp-block-columns-is-layout-flex\" id=\"vinos-box-slide\">\n<div class=\"wp-block-column is-layout-flow wp-block-column-is-layout-flow\">\n\t\t\t<div class=\"wp-block-uagb-post-carousel uagb-post-grid display-mobile uagb-post__image-position-top uagb-post__image-enabled uagb-block-7fe1b798     uagb-post__arrow-outside uagb-slick-carousel uagb-post__items uagb-post__columns-3 is-carousel uagb-post__columns-tablet-1 uagb-post__columns-mobile-1\" data-total=\"1\" style=\"\">\n\n\t\t\t\t\t\t\t\t\t\t\t\t<article class=\"uagb-post__inner-wrap\">\t\t\t\t\t\t\t\t<div class='uagb-post__image'>\n\t\t\t\t\t\t\t\t\t<a href=\"https:\/\/rutiniwines.com\/wp-content\/uploads\/2024\/10\/EN-Antologia-XXXVIII-38.pdf\" target=\"_self\" rel=\"bookmark noopener noreferrer\"><img loading=\"lazy\" decoding=\"async\" width=\"768\" height=\"1525\" src=\"https:\/\/rutiniwines.com\/wp-content\/uploads\/2024\/09\/Antologia-XXXVIII-38-768x1525.jpg\" class=\"attachment-medium_large size-medium_large\" alt=\"\" srcset=\"https:\/\/rutiniwines.com\/wp-content\/uploads\/2024\/09\/Antologia-XXXVIII-38-768x1525.jpg 768w, https:\/\/rutiniwines.com\/wp-content\/uploads\/2024\/09\/Antologia-XXXVIII-38-151x300.jpg 151w, https:\/\/rutiniwines.com\/wp-content\/uploads\/2024\/09\/Antologia-XXXVIII-38-516x1024.jpg 516w, https:\/\/rutiniwines.com\/wp-content\/uploads\/2024\/09\/Antologia-XXXVIII-38-774x1536.jpg 774w, https:\/\/rutiniwines.com\/wp-content\/uploads\/2024\/09\/Antologia-XXXVIII-38.jpg 806w\" sizes=\"auto, (max-width: 768px) 100vw, 768px\" \/>\t\t\t\t\t<\/a>\n\t\t\t\t\t\t\t\t\t<\/div>\n\t\t\t\t\t\t<h4 class=\"uagb-post__title uagb-post__text\">\n\t\t\t\t<a href=\"https:\/\/rutiniwines.com\/wp-content\/uploads\/2024\/10\/EN-Antologia-XXXVIII-38.pdf\" target=\"_self\" rel=\"bookmark noopener noreferrer\">Antolog\u00eda XXXVIII (38)<\/a>\n\t\t\t<\/h4>\n\t\t\t\t\t\t<div class='uagb-post__text uagb-post-grid-byline'>\n\t\t\t\t\t\t\t<\/div>\n\t\t\t\t\t\t\t<div class='uagb-post__text uagb-post__excerpt'>\n\t\t\t\t\t<a href=\"https:\/\/rutiniwines.com\/wp-content\/uploads\/2024\/10\/EN-Antologia-XXXVIII-38.pdf\" target=\"blank\" rel=\"noopener\"><i class=\"fa-regular fa-eye\"><\/i><\/a>\t\t\t\t<\/div>\n\t\t\t\n\t\t\t\t\t\t\t\t\t<\/article>\n\t\t\t\t\t\t\t\t\t\t\t\t\t\t\t\t<article class=\"uagb-post__inner-wrap\">\t\t\t\t\t\t\t\t<div class='uagb-post__image'>\n\t\t\t\t\t\t\t\t\t<a href=\"https:\/\/rutiniwines.com\/wp-content\/uploads\/2024\/10\/EN-Antologia-LX-60.pdf\" target=\"_self\" rel=\"bookmark noopener noreferrer\"><img loading=\"lazy\" decoding=\"async\" width=\"768\" height=\"1525\" src=\"https:\/\/rutiniwines.com\/wp-content\/uploads\/2024\/09\/Antologia-LX-60-768x1525.jpg\" class=\"attachment-medium_large size-medium_large\" alt=\"\" srcset=\"https:\/\/rutiniwines.com\/wp-content\/uploads\/2024\/09\/Antologia-LX-60-768x1525.jpg 768w, https:\/\/rutiniwines.com\/wp-content\/uploads\/2024\/09\/Antologia-LX-60-151x300.jpg 151w, https:\/\/rutiniwines.com\/wp-content\/uploads\/2024\/09\/Antologia-LX-60-516x1024.jpg 516w, https:\/\/rutiniwines.com\/wp-content\/uploads\/2024\/09\/Antologia-LX-60-774x1536.jpg 774w, https:\/\/rutiniwines.com\/wp-content\/uploads\/2024\/09\/Antologia-LX-60.jpg 806w\" sizes=\"auto, (max-width: 768px) 100vw, 768px\" \/>\t\t\t\t\t<\/a>\n\t\t\t\t\t\t\t\t\t<\/div>\n\t\t\t\t\t\t<h4 class=\"uagb-post__title uagb-post__text\">\n\t\t\t\t<a href=\"https:\/\/rutiniwines.com\/wp-content\/uploads\/2024\/10\/EN-Antologia-LX-60.pdf\" target=\"_self\" rel=\"bookmark noopener noreferrer\">Antolog\u00eda LX (60)<\/a>\n\t\t\t<\/h4>\n\t\t\t\t\t\t<div class='uagb-post__text uagb-post-grid-byline'>\n\t\t\t\t\t\t\t<\/div>\n\t\t\t\t\t\t\t<div class='uagb-post__text uagb-post__excerpt'>\n\t\t\t\t\t<a href=\"https:\/\/rutiniwines.com\/wp-content\/uploads\/2024\/10\/EN-Antologia-LX-60.pdf\" target=\"blank\" rel=\"noopener\"><i class=\"fa-regular fa-eye\"><\/i><\/a>\n\t\t\t\t<\/div>\n\t\t\t\n\t\t\t\t\t\t\t\t\t<\/article>\n\t\t\t\t\t\t\t\t\t\t\t\t\t\t\t\t<article class=\"uagb-post__inner-wrap\">\t\t\t\t\t\t\t\t<div class='uagb-post__image'>\n\t\t\t\t\t\t\t\t\t<a href=\"https:\/\/rutiniwines.com\/wp-content\/uploads\/2024\/09\/Antologia-Julio-Le-Parc.pdf\" target=\"_self\" rel=\"bookmark noopener noreferrer\"><img loading=\"lazy\" decoding=\"async\" width=\"768\" height=\"1525\" src=\"https:\/\/rutiniwines.com\/wp-content\/uploads\/2024\/09\/Antologia-Julio-Le-Parc-768x1525.jpg\" class=\"attachment-medium_large size-medium_large\" alt=\"\" srcset=\"https:\/\/rutiniwines.com\/wp-content\/uploads\/2024\/09\/Antologia-Julio-Le-Parc-768x1525.jpg 768w, https:\/\/rutiniwines.com\/wp-content\/uploads\/2024\/09\/Antologia-Julio-Le-Parc-151x300.jpg 151w, https:\/\/rutiniwines.com\/wp-content\/uploads\/2024\/09\/Antologia-Julio-Le-Parc-516x1024.jpg 516w, https:\/\/rutiniwines.com\/wp-content\/uploads\/2024\/09\/Antologia-Julio-Le-Parc-774x1536.jpg 774w, https:\/\/rutiniwines.com\/wp-content\/uploads\/2024\/09\/Antologia-Julio-Le-Parc.jpg 806w\" sizes=\"auto, (max-width: 768px) 100vw, 768px\" \/>\t\t\t\t\t<\/a>\n\t\t\t\t\t\t\t\t\t<\/div>\n\t\t\t\t\t\t<h4 class=\"uagb-post__title uagb-post__text\">\n\t\t\t\t<a href=\"https:\/\/rutiniwines.com\/wp-content\/uploads\/2024\/09\/Antologia-Julio-Le-Parc.pdf\" target=\"_self\" rel=\"bookmark noopener noreferrer\">Antolog\u00eda Julio Le Parc<\/a>\n\t\t\t<\/h4>\n\t\t\t\t\t\t<div class='uagb-post__text uagb-post-grid-byline'>\n\t\t\t\t\t\t\t<\/div>\n\t\t\t\t\t\t\t<div class='uagb-post__text uagb-post__excerpt'>\n\t\t\t\t\t<a href=\"https:\/\/rutiniwines.com\/wp-content\/uploads\/2024\/09\/Antologia-Julio-Le-Parc.pdf\" target=\"blank\" rel=\"noopener\"><i class=\"fa-regular fa-eye\"><\/i><\/a>\n\t\t\t\t<\/div>\n\t\t\t\n\t\t\t\t\t\t\t\t\t<\/article>\n\t\t\t\t\t\t\t\t\t\t\t\t\t\t\t\t<article class=\"uagb-post__inner-wrap\">\t\t\t\t\t\t\t\t<div class='uagb-post__image'>\n\t\t\t\t\t\t\t\t\t<a href=\"https:\/\/rutiniwines.com\/wp-content\/uploads\/2024\/10\/EN-Antologia-LIII-53.pdf\" target=\"_self\" rel=\"bookmark noopener noreferrer\"><img loading=\"lazy\" decoding=\"async\" width=\"768\" height=\"1525\" src=\"https:\/\/rutiniwines.com\/wp-content\/uploads\/2024\/09\/Antologia-LIII-53-768x1525.jpg\" class=\"attachment-medium_large size-medium_large\" alt=\"\" srcset=\"https:\/\/rutiniwines.com\/wp-content\/uploads\/2024\/09\/Antologia-LIII-53-768x1525.jpg 768w, https:\/\/rutiniwines.com\/wp-content\/uploads\/2024\/09\/Antologia-LIII-53-151x300.jpg 151w, https:\/\/rutiniwines.com\/wp-content\/uploads\/2024\/09\/Antologia-LIII-53-516x1024.jpg 516w, https:\/\/rutiniwines.com\/wp-content\/uploads\/2024\/09\/Antologia-LIII-53-774x1536.jpg 774w, https:\/\/rutiniwines.com\/wp-content\/uploads\/2024\/09\/Antologia-LIII-53.jpg 806w\" sizes=\"auto, (max-width: 768px) 100vw, 768px\" \/>\t\t\t\t\t<\/a>\n\t\t\t\t\t\t\t\t\t<\/div>\n\t\t\t\t\t\t<h4 class=\"uagb-post__title uagb-post__text\">\n\t\t\t\t<a href=\"https:\/\/rutiniwines.com\/wp-content\/uploads\/2024\/10\/EN-Antologia-LIII-53.pdf\" target=\"_self\" rel=\"bookmark noopener noreferrer\">Antolog\u00eda LIII (53)<\/a>\n\t\t\t<\/h4>\n\t\t\t\t\t\t<div class='uagb-post__text uagb-post-grid-byline'>\n\t\t\t\t\t\t\t<\/div>\n\t\t\t\t\t\t\t<div class='uagb-post__text uagb-post__excerpt'>\n\t\t\t\t\t<a href=\"https:\/\/rutiniwines.com\/wp-content\/uploads\/2024\/10\/EN-Antologia-LIII-53.pdf\" target=\"blank\" rel=\"noopener\"><i class=\"fa-regular fa-eye\"><\/i><\/a>\n\t\t\t\t<\/div>\n\t\t\t\n\t\t\t\t\t\t\t\t\t<\/article>\n\t\t\t\t\t\t\t\t\t\t\t<\/div>\n\t\t\t<\/div>\n<\/div>\n<\/div>\n<\/div>\n","protected":false},"excerpt":{"rendered":"<p>Antolog\u00eda Uma produ\u00e7\u00e3o limitada, edi\u00e7\u00e3o especial. Em 1997, com o desejo de expandir a gama de vinhos ultra premium de [&hellip;]<\/p>\n","protected":false},"author":3,"featured_media":0,"parent":0,"menu_order":0,"comment_status":"closed","ping_status":"closed","template":"","meta":{"_uag_custom_page_level_css":"","site-sidebar-layout":"default","site-content-layout":"","ast-site-content-layout":"default","site-content-style":"default","site-sidebar-style":"default","ast-global-header-display":"","ast-banner-title-visibility":"","ast-main-header-display":"","ast-hfb-above-header-display":"","ast-hfb-below-header-display":"","ast-hfb-mobile-header-display":"","site-post-title":"","ast-breadcrumbs-content":"","ast-featured-img":"","footer-sml-layout":"","ast-disable-related-posts":"","theme-transparent-header-meta":"","adv-header-id-meta":"","stick-header-meta":"","header-above-stick-meta":"","header-main-stick-meta":"","header-below-stick-meta":"","astra-migrate-meta-layouts":"default","ast-page-background-enabled":"default","ast-page-background-meta":{"desktop":{"background-color":"var(--ast-global-color-4)","background-image":"","background-repeat":"repeat","background-position":"center center","background-size":"auto","background-attachment":"scroll","background-type":"","background-media":"","overlay-type":"","overlay-color":"","overlay-opacity":"","overlay-gradient":""},"tablet":{"background-color":"","background-image":"","background-repeat":"repeat","background-position":"center center","background-size":"auto","background-attachment":"scroll","background-type":"","background-media":"","overlay-type":"","overlay-color":"","overlay-opacity":"","overlay-gradient":""},"mobile":{"background-color":"","background-image":"","background-repeat":"repeat","background-position":"center center","background-size":"auto","background-attachment":"scroll","background-type":"","background-media":"","overlay-type":"","overlay-color":"","overlay-opacity":"","overlay-gradient":""}},"ast-content-background-meta":{"desktop":{"background-color":"var(--ast-global-color-5)","background-image":"","background-repeat":"repeat","background-position":"center center","background-size":"auto","background-attachment":"scroll","background-type":"","background-media":"","overlay-type":"","overlay-color":"","overlay-opacity":"","overlay-gradient":""},"tablet":{"background-color":"var(--ast-global-color-5)","background-image":"","background-repeat":"repeat","background-position":"center center","background-size":"auto","background-attachment":"scroll","background-type":"","background-media":"","overlay-type":"","overlay-color":"","overlay-opacity":"","overlay-gradient":""},"mobile":{"background-color":"var(--ast-global-color-5)","background-image":"","background-repeat":"repeat","background-position":"center center","background-size":"auto","background-attachment":"scroll","background-type":"","background-media":"","overlay-type":"","overlay-color":"","overlay-opacity":"","overlay-gradient":""}},"footnotes":"","_links_to":"","_links_to_target":""},"class_list":["post-22816","page","type-page","status-publish","hentry"],"yoast_head":"<!-- This site is optimized with the Yoast SEO plugin v26.8 - https:\/\/yoast.com\/product\/yoast-seo-wordpress\/ -->\n<title>Antolog\u00eda - Bodega Rutini Wines<\/title>\n<meta name=\"description\" content=\"Com o desejo de expandir a gama de vinhos ultrapremium de uma forma original, o diretor de vinifica\u00e7\u00e3o Mariano Di Paola criou a linha Antolog\u00eda.\" \/>\n<meta name=\"robots\" content=\"index, follow, max-snippet:-1, max-image-preview:large, max-video-preview:-1\" \/>\n<link rel=\"canonical\" href=\"https:\/\/rutiniwines.com\/pt-br\/antologia\/\" \/>\n<meta property=\"og:locale\" content=\"pt_BR\" \/>\n<meta property=\"og:type\" content=\"article\" \/>\n<meta property=\"og:title\" content=\"Antolog\u00eda - Bodega Rutini Wines\" \/>\n<meta property=\"og:description\" content=\"Com o desejo de expandir a gama de vinhos ultrapremium de uma forma original, o diretor de vinifica\u00e7\u00e3o Mariano Di Paola criou a linha Antolog\u00eda.\" \/>\n<meta property=\"og:url\" content=\"https:\/\/rutiniwines.com\/pt-br\/antologia\/\" \/>\n<meta property=\"og:site_name\" content=\"Bodega Rutini Wines\" \/>\n<meta property=\"article:modified_time\" content=\"2025-06-05T13:42:43+00:00\" \/>\n<meta property=\"og:image\" content=\"https:\/\/rutiniwines.com\/wp-content\/uploads\/2024\/08\/02-Antologia-1.jpg\" \/>\n\t<meta property=\"og:image:width\" content=\"1000\" \/>\n\t<meta property=\"og:image:height\" content=\"800\" \/>\n\t<meta property=\"og:image:type\" content=\"image\/jpeg\" \/>\n<meta name=\"twitter:card\" content=\"summary_large_image\" \/>\n<meta name=\"twitter:label1\" content=\"Est. tempo de leitura\" \/>\n\t<meta name=\"twitter:data1\" content=\"1 minuto\" \/>\n<script type=\"application\/ld+json\" class=\"yoast-schema-graph\">{\"@context\":\"https:\/\/schema.org\",\"@graph\":[{\"@type\":\"WebPage\",\"@id\":\"https:\/\/rutiniwines.com\/pt-br\/antologia\/\",\"url\":\"https:\/\/rutiniwines.com\/pt-br\/antologia\/\",\"name\":\"Antolog\u00eda - Bodega Rutini Wines\",\"isPartOf\":{\"@id\":\"https:\/\/rutiniwines.com\/#website\"},\"primaryImageOfPage\":{\"@id\":\"https:\/\/rutiniwines.com\/pt-br\/antologia\/#primaryimage\"},\"image\":{\"@id\":\"https:\/\/rutiniwines.com\/pt-br\/antologia\/#primaryimage\"},\"thumbnailUrl\":\"https:\/\/rutiniwines.com\/wp-content\/uploads\/2024\/08\/02-Antologia-1.jpg\",\"datePublished\":\"2024-09-13T11:56:16+00:00\",\"dateModified\":\"2025-06-05T13:42:43+00:00\",\"description\":\"Com o desejo de expandir a gama de vinhos ultrapremium de uma forma original, o diretor de vinifica\u00e7\u00e3o Mariano Di Paola criou a linha Antolog\u00eda.\",\"breadcrumb\":{\"@id\":\"https:\/\/rutiniwines.com\/pt-br\/antologia\/#breadcrumb\"},\"inLanguage\":\"pt-BR\",\"potentialAction\":[{\"@type\":\"ReadAction\",\"target\":[\"https:\/\/rutiniwines.com\/pt-br\/antologia\/\"]}]},{\"@type\":\"ImageObject\",\"inLanguage\":\"pt-BR\",\"@id\":\"https:\/\/rutiniwines.com\/pt-br\/antologia\/#primaryimage\",\"url\":\"https:\/\/rutiniwines.com\/wp-content\/uploads\/2024\/08\/02-Antologia-1.jpg\",\"contentUrl\":\"https:\/\/rutiniwines.com\/wp-content\/uploads\/2024\/08\/02-Antologia-1.jpg\"},{\"@type\":\"BreadcrumbList\",\"@id\":\"https:\/\/rutiniwines.com\/pt-br\/antologia\/#breadcrumb\",\"itemListElement\":[{\"@type\":\"ListItem\",\"position\":1,\"name\":\"Portada\",\"item\":\"https:\/\/rutiniwines.com\/pt-br\/\"},{\"@type\":\"ListItem\",\"position\":2,\"name\":\"Antolog\u00eda\"}]},{\"@type\":\"WebSite\",\"@id\":\"https:\/\/rutiniwines.com\/#website\",\"url\":\"https:\/\/rutiniwines.com\/\",\"name\":\"Bodega Rutini Wines\",\"description\":\"Valle de Uco - Mendoza - Argentina\",\"publisher\":{\"@id\":\"https:\/\/rutiniwines.com\/#organization\"},\"potentialAction\":[{\"@type\":\"SearchAction\",\"target\":{\"@type\":\"EntryPoint\",\"urlTemplate\":\"https:\/\/rutiniwines.com\/?s={search_term_string}\"},\"query-input\":{\"@type\":\"PropertyValueSpecification\",\"valueRequired\":true,\"valueName\":\"search_term_string\"}}],\"inLanguage\":\"pt-BR\"},{\"@type\":\"Organization\",\"@id\":\"https:\/\/rutiniwines.com\/#organization\",\"name\":\"Rutini Wines\",\"alternateName\":\"Rutini\",\"url\":\"https:\/\/rutiniwines.com\/\",\"logo\":{\"@type\":\"ImageObject\",\"inLanguage\":\"pt-BR\",\"@id\":\"https:\/\/rutiniwines.com\/#\/schema\/logo\/image\/\",\"url\":\"https:\/\/rutiniwines.com\/wp-content\/uploads\/2024\/06\/rutini.png\",\"contentUrl\":\"https:\/\/rutiniwines.com\/wp-content\/uploads\/2024\/06\/rutini.png\",\"width\":313,\"height\":56,\"caption\":\"Rutini Wines\"},\"image\":{\"@id\":\"https:\/\/rutiniwines.com\/#\/schema\/logo\/image\/\"}}]}<\/script>\n<!-- \/ Yoast SEO plugin. -->","yoast_head_json":{"title":"Antolog\u00eda - Bodega Rutini Wines","description":"Com o desejo de expandir a gama de vinhos ultrapremium de uma forma original, o diretor de vinifica\u00e7\u00e3o Mariano Di Paola criou a linha Antolog\u00eda.","robots":{"index":"index","follow":"follow","max-snippet":"max-snippet:-1","max-image-preview":"max-image-preview:large","max-video-preview":"max-video-preview:-1"},"canonical":"https:\/\/rutiniwines.com\/pt-br\/antologia\/","og_locale":"pt_BR","og_type":"article","og_title":"Antolog\u00eda - Bodega Rutini Wines","og_description":"Com o desejo de expandir a gama de vinhos ultrapremium de uma forma original, o diretor de vinifica\u00e7\u00e3o Mariano Di Paola criou a linha Antolog\u00eda.","og_url":"https:\/\/rutiniwines.com\/pt-br\/antologia\/","og_site_name":"Bodega Rutini Wines","article_modified_time":"2025-06-05T13:42:43+00:00","og_image":[{"width":1000,"height":800,"url":"https:\/\/rutiniwines.com\/wp-content\/uploads\/2024\/08\/02-Antologia-1.jpg","type":"image\/jpeg"}],"twitter_card":"summary_large_image","twitter_misc":{"Est. tempo de leitura":"1 minuto"},"schema":{"@context":"https:\/\/schema.org","@graph":[{"@type":"WebPage","@id":"https:\/\/rutiniwines.com\/pt-br\/antologia\/","url":"https:\/\/rutiniwines.com\/pt-br\/antologia\/","name":"Antolog\u00eda - Bodega Rutini Wines","isPartOf":{"@id":"https:\/\/rutiniwines.com\/#website"},"primaryImageOfPage":{"@id":"https:\/\/rutiniwines.com\/pt-br\/antologia\/#primaryimage"},"image":{"@id":"https:\/\/rutiniwines.com\/pt-br\/antologia\/#primaryimage"},"thumbnailUrl":"https:\/\/rutiniwines.com\/wp-content\/uploads\/2024\/08\/02-Antologia-1.jpg","datePublished":"2024-09-13T11:56:16+00:00","dateModified":"2025-06-05T13:42:43+00:00","description":"Com o desejo de expandir a gama de vinhos ultrapremium de uma forma original, o diretor de vinifica\u00e7\u00e3o Mariano Di Paola criou a linha Antolog\u00eda.","breadcrumb":{"@id":"https:\/\/rutiniwines.com\/pt-br\/antologia\/#breadcrumb"},"inLanguage":"pt-BR","potentialAction":[{"@type":"ReadAction","target":["https:\/\/rutiniwines.com\/pt-br\/antologia\/"]}]},{"@type":"ImageObject","inLanguage":"pt-BR","@id":"https:\/\/rutiniwines.com\/pt-br\/antologia\/#primaryimage","url":"https:\/\/rutiniwines.com\/wp-content\/uploads\/2024\/08\/02-Antologia-1.jpg","contentUrl":"https:\/\/rutiniwines.com\/wp-content\/uploads\/2024\/08\/02-Antologia-1.jpg"},{"@type":"BreadcrumbList","@id":"https:\/\/rutiniwines.com\/pt-br\/antologia\/#breadcrumb","itemListElement":[{"@type":"ListItem","position":1,"name":"Portada","item":"https:\/\/rutiniwines.com\/pt-br\/"},{"@type":"ListItem","position":2,"name":"Antolog\u00eda"}]},{"@type":"WebSite","@id":"https:\/\/rutiniwines.com\/#website","url":"https:\/\/rutiniwines.com\/","name":"Bodega Rutini Wines","description":"Valle de Uco - Mendoza - Argentina","publisher":{"@id":"https:\/\/rutiniwines.com\/#organization"},"potentialAction":[{"@type":"SearchAction","target":{"@type":"EntryPoint","urlTemplate":"https:\/\/rutiniwines.com\/?s={search_term_string}"},"query-input":{"@type":"PropertyValueSpecification","valueRequired":true,"valueName":"search_term_string"}}],"inLanguage":"pt-BR"},{"@type":"Organization","@id":"https:\/\/rutiniwines.com\/#organization","name":"Rutini Wines","alternateName":"Rutini","url":"https:\/\/rutiniwines.com\/","logo":{"@type":"ImageObject","inLanguage":"pt-BR","@id":"https:\/\/rutiniwines.com\/#\/schema\/logo\/image\/","url":"https:\/\/rutiniwines.com\/wp-content\/uploads\/2024\/06\/rutini.png","contentUrl":"https:\/\/rutiniwines.com\/wp-content\/uploads\/2024\/06\/rutini.png","width":313,"height":56,"caption":"Rutini Wines"},"image":{"@id":"https:\/\/rutiniwines.com\/#\/schema\/logo\/image\/"}}]}},"uagb_featured_image_src":{"full":false,"thumbnail":false,"medium":false,"medium_large":false,"large":false,"1536x1536":false,"2048x2048":false},"uagb_author_info":{"display_name":"natydamele","author_link":"https:\/\/rutiniwines.com\/pt-br\/author\/natydamele\/"},"uagb_comment_info":0,"uagb_excerpt":"Antolog\u00eda Uma produ\u00e7\u00e3o limitada, edi\u00e7\u00e3o especial. Em 1997, com o desejo de expandir a gama de vinhos ultra premium de [&hellip;]","_links":{"self":[{"href":"https:\/\/rutiniwines.com\/pt-br\/wp-json\/wp\/v2\/pages\/22816","targetHints":{"allow":["GET"]}}],"collection":[{"href":"https:\/\/rutiniwines.com\/pt-br\/wp-json\/wp\/v2\/pages"}],"about":[{"href":"https:\/\/rutiniwines.com\/pt-br\/wp-json\/wp\/v2\/types\/page"}],"author":[{"embeddable":true,"href":"https:\/\/rutiniwines.com\/pt-br\/wp-json\/wp\/v2\/users\/3"}],"replies":[{"embeddable":true,"href":"https:\/\/rutiniwines.com\/pt-br\/wp-json\/wp\/v2\/comments?post=22816"}],"version-history":[{"count":4,"href":"https:\/\/rutiniwines.com\/pt-br\/wp-json\/wp\/v2\/pages\/22816\/revisions"}],"predecessor-version":[{"id":25974,"href":"https:\/\/rutiniwines.com\/pt-br\/wp-json\/wp\/v2\/pages\/22816\/revisions\/25974"}],"wp:attachment":[{"href":"https:\/\/rutiniwines.com\/pt-br\/wp-json\/wp\/v2\/media?parent=22816"}],"curies":[{"name":"wp","href":"https:\/\/api.w.org\/{rel}","templated":true}]}}