{"id":22875,"date":"2024-06-26T19:54:07","date_gmt":"2024-06-26T22:54:07","guid":{"rendered":"https:\/\/rutiniwines.com\/equipo\/"},"modified":"2025-06-05T10:48:07","modified_gmt":"2025-06-05T13:48:07","slug":"equipe","status":"publish","type":"page","link":"https:\/\/rutiniwines.com\/pt-br\/equipe\/","title":{"rendered":"Equipe"},"content":{"rendered":"\n<div class=\"wp-block-uagb-image alignfull uagb-block-c0fff2da wp-block-uagb-image--layout-default wp-block-uagb-image--effect-static wp-block-uagb-image--align-full animated fadeIn sin-margen\"><figure class=\"wp-block-uagb-image__figure\"><img decoding=\"async\" srcset=\"https:\/\/rutiniwines.com\/wp-content\/uploads\/2024\/06\/Header-equipo-1024x427.jpg ,https:\/\/rutiniwines.com\/wp-content\/uploads\/2024\/06\/Header-equipo.jpg 780w, https:\/\/rutiniwines.com\/wp-content\/uploads\/2024\/06\/Header-equipo.jpg 360w\" sizes=\"auto, (max-width: 480px) 150px\" src=\"https:\/\/rutiniwines.com\/wp-content\/uploads\/2024\/06\/Header-equipo-1024x427.jpg\" alt=\"\" class=\"uag-image-17631\" width=\"1440\" height=\"600\" title=\"Header-equipo\" loading=\"lazy\" role=\"img\"\/><\/figure><\/div>\n\n\n\n<div class=\"wp-block-columns alignwide is-layout-flex wp-container-core-columns-is-layout-28f84493 wp-block-columns-is-layout-flex\" id=\"historia\">\n<div class=\"wp-block-column is-vertically-aligned-top col-w is-layout-flow wp-block-column-is-layout-flow\">\n<div class=\"wp-block-columns are-vertically-aligned-top is-layout-flex wp-container-core-columns-is-layout-28f84493 wp-block-columns-is-layout-flex\">\n<div class=\"wp-block-column is-vertically-aligned-top is-layout-flow wp-block-column-is-layout-flow\">\n<h1 class=\"wp-block-heading has-text-align-center animated fadeInUp\">Equipe<\/h1>\n\n\n\n<div class=\"wp-block-columns are-vertically-aligned-top enologia-box historia-box-white animated fadeInUp is-layout-flex wp-container-core-columns-is-layout-28f84493 wp-block-columns-is-layout-flex\">\n<div class=\"wp-block-column is-vertically-aligned-top is-layout-flow wp-block-column-is-layout-flow\">\n<div class=\"wp-block-uagb-image uagb-block-9ca6d902 wp-block-uagb-image--layout-default wp-block-uagb-image--effect-static wp-block-uagb-image--align-none\"><figure class=\"wp-block-uagb-image__figure\"><img decoding=\"async\" srcset=\"https:\/\/rutiniwines.com\/wp-content\/uploads\/2024\/08\/Mariano-Di-Paola-enologo.jpg ,https:\/\/rutiniwines.com\/wp-content\/uploads\/2024\/08\/Mariano-Di-Paola-enologo.jpg 780w, https:\/\/rutiniwines.com\/wp-content\/uploads\/2024\/08\/Mariano-Di-Paola-enologo.jpg 360w\" sizes=\"auto, (max-width: 480px) 150px\" src=\"https:\/\/rutiniwines.com\/wp-content\/uploads\/2024\/08\/Mariano-Di-Paola-enologo.jpg\" alt=\"\" class=\"uag-image-20677\" width=\"612\" height=\"490\" title=\"\" loading=\"lazy\" role=\"presentation\"\/><\/figure><\/div>\n<\/div>\n\n\n\n<div class=\"wp-block-column is-vertically-aligned-top is-layout-flow wp-block-column-is-layout-flow\">\n<h3 class=\"wp-block-heading has-text-align-left\">Enologia<\/h3>\n\n\n\n<p class=\"has-text-align-left txt-historia animated fadeInUp\">Mariano Di Paola, uma figura importante no setor de vinhos argentino, \u00e9 o en\u00f3logo-chefe da Rutini Wines desde 1994.\nCom mais de tr\u00eas d\u00e9cadas de experi\u00eancia e um conhecimento inestim\u00e1vel, ele foi destacado pela revista brit\u00e2nica Decanter como um dos 30 melhores en\u00f3logos do mundo. <br><br>Sob sua lideran\u00e7a, a equipe de vinifica\u00e7\u00e3o inclui Paula Witkowski, Javier Stocco, Javier Pintos, Renzo Roldan e Carlos Enfarrel.\nJuntos, esses formid\u00e1veis profissionais trabalham incansavelmente para manter e elevar os padr\u00f5es de qualidade em cada garrafa. <\/p>\n<\/div>\n<\/div>\n<\/div>\n<\/div>\n\n\n\n<div class=\"wp-block-columns enologia-box historia-box-white animated fadeInUp is-layout-flex wp-container-core-columns-is-layout-28f84493 wp-block-columns-is-layout-flex\">\n<div class=\"wp-block-column is-layout-flow wp-block-column-is-layout-flow\">\n<div class=\"wp-block-columns are-vertically-aligned-center finca-box-gris animated fadeInUp is-layout-flex wp-container-core-columns-is-layout-28f84493 wp-block-columns-is-layout-flex\">\n<div class=\"wp-block-column is-vertically-aligned-center col-w-equipo-in is-layout-flow wp-block-column-is-layout-flow\">\n<h3 class=\"wp-block-heading has-text-align-left animated fadeInUp\">Agr\u00f4nomos<\/h3>\n\n\n\n<p class=\"txt-historia animated fadeInUp\">A equipe de agr\u00f4nomos \u00e9 formada por profissionais altamente treinados que garantem a excel\u00eancia e a sustentabilidade em nossos vinhedos.\nGonzalo Videla lidera com sua vasta experi\u00eancia e conhecimento em gest\u00e3o de culturas.\nConrado Gibbs e Bel\u00e9n Maiocchi complementam a equipe com sua dedica\u00e7\u00e3o e habilidades t\u00e9cnicas, implementando pr\u00e1ticas avan\u00e7adas de irriga\u00e7\u00e3o e otimiza\u00e7\u00e3o de recursos.  <br><br>Juntos, eles trabalham com empenho e determina\u00e7\u00e3o para manter e melhorar a qualidade de nossas uvas, garantindo que cada garrafa reflita nosso compromisso com a excel\u00eancia e a inova\u00e7\u00e3o.<\/p>\n<\/div>\n\n\n\n<div class=\"wp-block-column is-vertically-aligned-center efecto-corte-celeste is-layout-flow wp-block-column-is-layout-flow\">\n<div class=\"wp-block-uagb-image uagb-block-5b2a56ab wp-block-uagb-image--layout-default wp-block-uagb-image--effect-static wp-block-uagb-image--align-none\"><figure class=\"wp-block-uagb-image__figure\"><img decoding=\"async\" srcset=\"https:\/\/rutiniwines.com\/wp-content\/uploads\/2024\/06\/agronomos.jpg ,https:\/\/rutiniwines.com\/wp-content\/uploads\/2024\/06\/agronomos.jpg 780w, https:\/\/rutiniwines.com\/wp-content\/uploads\/2024\/06\/agronomos.jpg 360w\" sizes=\"auto, (max-width: 480px) 150px\" src=\"https:\/\/rutiniwines.com\/wp-content\/uploads\/2024\/06\/agronomos.jpg\" alt=\"\" class=\"uag-image-17646\" width=\"612\" height=\"490\" title=\"agronomos\" loading=\"lazy\" role=\"img\"\/><\/figure><\/div>\n<\/div>\n<\/div>\n<\/div>\n<\/div>\n\n\n\n<div class=\"wp-block-columns animated fadeInUp is-layout-flex wp-container-core-columns-is-layout-28f84493 wp-block-columns-is-layout-flex\" id=\"box-frases-general\">\n<div class=\"wp-block-column col-w is-layout-flow wp-block-column-is-layout-flow\">\n<div class=\"wp-block-columns is-layout-flex wp-container-core-columns-is-layout-28f84493 wp-block-columns-is-layout-flex\">\n<div class=\"wp-block-column has-ast-global-color-5-background-color has-background is-layout-flow wp-block-column-is-layout-flow\" id=\"box-frases\">\n<p class=\"has-text-align-center\"><br><br>&#8220;Para mim, a melhor colheita \u00e9 sempre a pr\u00f3xima<strong>&#8220;<\/strong><strong>&#8211; Mariano Di Paola &#8211;<\/strong><\/p>\n<\/div>\n\n\n\n<div class=\"wp-block-column has-ast-global-color-5-background-color has-background is-layout-flow wp-block-column-is-layout-flow\" id=\"box-frases\">\n<p class=\"has-text-align-center\"><br>&#8220;Sempre comprometido com a harmoniza\u00e7\u00e3o e a sustentabilidade do ecossistema<strong>&#8220;<\/strong><strong>&#8211; Gonzalo Videla &#8211;<\/strong><\/p>\n<\/div>\n<\/div>\n<\/div>\n<\/div>\n<\/div>\n<\/div>\n","protected":false},"excerpt":{"rendered":"<p>Equipe Enologia Mariano Di Paola, uma figura importante no setor de vinhos argentino, \u00e9 o en\u00f3logo-chefe da Rutini Wines desde [&hellip;]<\/p>\n","protected":false},"author":1,"featured_media":0,"parent":0,"menu_order":0,"comment_status":"closed","ping_status":"closed","template":"","meta":{"_uag_custom_page_level_css":"","site-sidebar-layout":"default","site-content-layout":"","ast-site-content-layout":"default","site-content-style":"default","site-sidebar-style":"default","ast-global-header-display":"","ast-banner-title-visibility":"","ast-main-header-display":"","ast-hfb-above-header-display":"","ast-hfb-below-header-display":"","ast-hfb-mobile-header-display":"","site-post-title":"","ast-breadcrumbs-content":"","ast-featured-img":"","footer-sml-layout":"","ast-disable-related-posts":"","theme-transparent-header-meta":"","adv-header-id-meta":"","stick-header-meta":"","header-above-stick-meta":"","header-main-stick-meta":"","header-below-stick-meta":"","astra-migrate-meta-layouts":"default","ast-page-background-enabled":"default","ast-page-background-meta":{"desktop":{"background-color":"var(--ast-global-color-4)","background-image":"","background-repeat":"repeat","background-position":"center center","background-size":"auto","background-attachment":"scroll","background-type":"","background-media":"","overlay-type":"","overlay-color":"","overlay-opacity":"","overlay-gradient":""},"tablet":{"background-color":"","background-image":"","background-repeat":"repeat","background-position":"center center","background-size":"auto","background-attachment":"scroll","background-type":"","background-media":"","overlay-type":"","overlay-color":"","overlay-opacity":"","overlay-gradient":""},"mobile":{"background-color":"","background-image":"","background-repeat":"repeat","background-position":"center center","background-size":"auto","background-attachment":"scroll","background-type":"","background-media":"","overlay-type":"","overlay-color":"","overlay-opacity":"","overlay-gradient":""}},"ast-content-background-meta":{"desktop":{"background-color":"var(--ast-global-color-5)","background-image":"","background-repeat":"repeat","background-position":"center center","background-size":"auto","background-attachment":"scroll","background-type":"","background-media":"","overlay-type":"","overlay-color":"","overlay-opacity":"","overlay-gradient":""},"tablet":{"background-color":"var(--ast-global-color-5)","background-image":"","background-repeat":"repeat","background-position":"center center","background-size":"auto","background-attachment":"scroll","background-type":"","background-media":"","overlay-type":"","overlay-color":"","overlay-opacity":"","overlay-gradient":""},"mobile":{"background-color":"var(--ast-global-color-5)","background-image":"","background-repeat":"repeat","background-position":"center center","background-size":"auto","background-attachment":"scroll","background-type":"","background-media":"","overlay-type":"","overlay-color":"","overlay-opacity":"","overlay-gradient":""}},"footnotes":"","_links_to":"","_links_to_target":""},"class_list":["post-22875","page","type-page","status-publish","hentry"],"yoast_head":"<!-- This site is optimized with the Yoast SEO plugin v26.8 - https:\/\/yoast.com\/product\/yoast-seo-wordpress\/ -->\n<title>Equipe - Bodega Rutini Wines<\/title>\n<meta name=\"description\" content=\"Mariano Di Paola dirige o departamento de vinifica\u00e7\u00e3o da Rutini Wines desde 1994, garantindo a qualidade excepcional de nossos vinhos.\" \/>\n<meta name=\"robots\" content=\"index, follow, max-snippet:-1, max-image-preview:large, max-video-preview:-1\" \/>\n<link rel=\"canonical\" href=\"https:\/\/rutiniwines.com\/pt-br\/equipe\/\" \/>\n<meta property=\"og:locale\" content=\"pt_BR\" \/>\n<meta property=\"og:type\" content=\"article\" \/>\n<meta property=\"og:title\" content=\"Equipe - Bodega Rutini Wines\" \/>\n<meta property=\"og:description\" content=\"Mariano Di Paola dirige o departamento de vinifica\u00e7\u00e3o da Rutini Wines desde 1994, garantindo a qualidade excepcional de nossos vinhos.\" \/>\n<meta property=\"og:url\" content=\"https:\/\/rutiniwines.com\/pt-br\/equipe\/\" \/>\n<meta property=\"og:site_name\" content=\"Bodega Rutini Wines\" \/>\n<meta property=\"article:modified_time\" content=\"2025-06-05T13:48:07+00:00\" \/>\n<meta property=\"og:image\" content=\"https:\/\/rutiniwines.com\/wp-content\/uploads\/2024\/06\/Header-equipo-1024x427.jpg\" \/>\n<meta name=\"twitter:card\" content=\"summary_large_image\" \/>\n<meta name=\"twitter:label1\" content=\"Est. tempo de leitura\" \/>\n\t<meta name=\"twitter:data1\" content=\"2 minutos\" \/>\n<script type=\"application\/ld+json\" class=\"yoast-schema-graph\">{\"@context\":\"https:\/\/schema.org\",\"@graph\":[{\"@type\":\"WebPage\",\"@id\":\"https:\/\/rutiniwines.com\/pt-br\/equipe\/\",\"url\":\"https:\/\/rutiniwines.com\/pt-br\/equipe\/\",\"name\":\"Equipe - Bodega Rutini Wines\",\"isPartOf\":{\"@id\":\"https:\/\/rutiniwines.com\/#website\"},\"primaryImageOfPage\":{\"@id\":\"https:\/\/rutiniwines.com\/pt-br\/equipe\/#primaryimage\"},\"image\":{\"@id\":\"https:\/\/rutiniwines.com\/pt-br\/equipe\/#primaryimage\"},\"thumbnailUrl\":\"https:\/\/rutiniwines.com\/wp-content\/uploads\/2024\/06\/Header-equipo-1024x427.jpg\",\"datePublished\":\"2024-06-26T22:54:07+00:00\",\"dateModified\":\"2025-06-05T13:48:07+00:00\",\"description\":\"Mariano Di Paola dirige o departamento de vinifica\u00e7\u00e3o da Rutini Wines desde 1994, garantindo a qualidade excepcional de nossos vinhos.\",\"breadcrumb\":{\"@id\":\"https:\/\/rutiniwines.com\/pt-br\/equipe\/#breadcrumb\"},\"inLanguage\":\"pt-BR\",\"potentialAction\":[{\"@type\":\"ReadAction\",\"target\":[\"https:\/\/rutiniwines.com\/pt-br\/equipe\/\"]}]},{\"@type\":\"ImageObject\",\"inLanguage\":\"pt-BR\",\"@id\":\"https:\/\/rutiniwines.com\/pt-br\/equipe\/#primaryimage\",\"url\":\"https:\/\/rutiniwines.com\/wp-content\/uploads\/2024\/06\/Header-equipo-1024x427.jpg\",\"contentUrl\":\"https:\/\/rutiniwines.com\/wp-content\/uploads\/2024\/06\/Header-equipo-1024x427.jpg\"},{\"@type\":\"BreadcrumbList\",\"@id\":\"https:\/\/rutiniwines.com\/pt-br\/equipe\/#breadcrumb\",\"itemListElement\":[{\"@type\":\"ListItem\",\"position\":1,\"name\":\"Portada\",\"item\":\"https:\/\/rutiniwines.com\/pt-br\/\"},{\"@type\":\"ListItem\",\"position\":2,\"name\":\"Equipe\"}]},{\"@type\":\"WebSite\",\"@id\":\"https:\/\/rutiniwines.com\/#website\",\"url\":\"https:\/\/rutiniwines.com\/\",\"name\":\"Bodega Rutini Wines\",\"description\":\"Valle de Uco - Mendoza - Argentina\",\"publisher\":{\"@id\":\"https:\/\/rutiniwines.com\/#organization\"},\"potentialAction\":[{\"@type\":\"SearchAction\",\"target\":{\"@type\":\"EntryPoint\",\"urlTemplate\":\"https:\/\/rutiniwines.com\/?s={search_term_string}\"},\"query-input\":{\"@type\":\"PropertyValueSpecification\",\"valueRequired\":true,\"valueName\":\"search_term_string\"}}],\"inLanguage\":\"pt-BR\"},{\"@type\":\"Organization\",\"@id\":\"https:\/\/rutiniwines.com\/#organization\",\"name\":\"Rutini Wines\",\"alternateName\":\"Rutini\",\"url\":\"https:\/\/rutiniwines.com\/\",\"logo\":{\"@type\":\"ImageObject\",\"inLanguage\":\"pt-BR\",\"@id\":\"https:\/\/rutiniwines.com\/#\/schema\/logo\/image\/\",\"url\":\"https:\/\/rutiniwines.com\/wp-content\/uploads\/2024\/06\/rutini.png\",\"contentUrl\":\"https:\/\/rutiniwines.com\/wp-content\/uploads\/2024\/06\/rutini.png\",\"width\":313,\"height\":56,\"caption\":\"Rutini Wines\"},\"image\":{\"@id\":\"https:\/\/rutiniwines.com\/#\/schema\/logo\/image\/\"}}]}<\/script>\n<!-- \/ Yoast SEO plugin. -->","yoast_head_json":{"title":"Equipe - Bodega Rutini Wines","description":"Mariano Di Paola dirige o departamento de vinifica\u00e7\u00e3o da Rutini Wines desde 1994, garantindo a qualidade excepcional de nossos vinhos.","robots":{"index":"index","follow":"follow","max-snippet":"max-snippet:-1","max-image-preview":"max-image-preview:large","max-video-preview":"max-video-preview:-1"},"canonical":"https:\/\/rutiniwines.com\/pt-br\/equipe\/","og_locale":"pt_BR","og_type":"article","og_title":"Equipe - Bodega Rutini Wines","og_description":"Mariano Di Paola dirige o departamento de vinifica\u00e7\u00e3o da Rutini Wines desde 1994, garantindo a qualidade excepcional de nossos vinhos.","og_url":"https:\/\/rutiniwines.com\/pt-br\/equipe\/","og_site_name":"Bodega Rutini Wines","article_modified_time":"2025-06-05T13:48:07+00:00","og_image":[{"url":"https:\/\/rutiniwines.com\/wp-content\/uploads\/2024\/06\/Header-equipo-1024x427.jpg","type":"","width":"","height":""}],"twitter_card":"summary_large_image","twitter_misc":{"Est. tempo de leitura":"2 minutos"},"schema":{"@context":"https:\/\/schema.org","@graph":[{"@type":"WebPage","@id":"https:\/\/rutiniwines.com\/pt-br\/equipe\/","url":"https:\/\/rutiniwines.com\/pt-br\/equipe\/","name":"Equipe - Bodega Rutini Wines","isPartOf":{"@id":"https:\/\/rutiniwines.com\/#website"},"primaryImageOfPage":{"@id":"https:\/\/rutiniwines.com\/pt-br\/equipe\/#primaryimage"},"image":{"@id":"https:\/\/rutiniwines.com\/pt-br\/equipe\/#primaryimage"},"thumbnailUrl":"https:\/\/rutiniwines.com\/wp-content\/uploads\/2024\/06\/Header-equipo-1024x427.jpg","datePublished":"2024-06-26T22:54:07+00:00","dateModified":"2025-06-05T13:48:07+00:00","description":"Mariano Di Paola dirige o departamento de vinifica\u00e7\u00e3o da Rutini Wines desde 1994, garantindo a qualidade excepcional de nossos vinhos.","breadcrumb":{"@id":"https:\/\/rutiniwines.com\/pt-br\/equipe\/#breadcrumb"},"inLanguage":"pt-BR","potentialAction":[{"@type":"ReadAction","target":["https:\/\/rutiniwines.com\/pt-br\/equipe\/"]}]},{"@type":"ImageObject","inLanguage":"pt-BR","@id":"https:\/\/rutiniwines.com\/pt-br\/equipe\/#primaryimage","url":"https:\/\/rutiniwines.com\/wp-content\/uploads\/2024\/06\/Header-equipo-1024x427.jpg","contentUrl":"https:\/\/rutiniwines.com\/wp-content\/uploads\/2024\/06\/Header-equipo-1024x427.jpg"},{"@type":"BreadcrumbList","@id":"https:\/\/rutiniwines.com\/pt-br\/equipe\/#breadcrumb","itemListElement":[{"@type":"ListItem","position":1,"name":"Portada","item":"https:\/\/rutiniwines.com\/pt-br\/"},{"@type":"ListItem","position":2,"name":"Equipe"}]},{"@type":"WebSite","@id":"https:\/\/rutiniwines.com\/#website","url":"https:\/\/rutiniwines.com\/","name":"Bodega Rutini Wines","description":"Valle de Uco - Mendoza - Argentina","publisher":{"@id":"https:\/\/rutiniwines.com\/#organization"},"potentialAction":[{"@type":"SearchAction","target":{"@type":"EntryPoint","urlTemplate":"https:\/\/rutiniwines.com\/?s={search_term_string}"},"query-input":{"@type":"PropertyValueSpecification","valueRequired":true,"valueName":"search_term_string"}}],"inLanguage":"pt-BR"},{"@type":"Organization","@id":"https:\/\/rutiniwines.com\/#organization","name":"Rutini Wines","alternateName":"Rutini","url":"https:\/\/rutiniwines.com\/","logo":{"@type":"ImageObject","inLanguage":"pt-BR","@id":"https:\/\/rutiniwines.com\/#\/schema\/logo\/image\/","url":"https:\/\/rutiniwines.com\/wp-content\/uploads\/2024\/06\/rutini.png","contentUrl":"https:\/\/rutiniwines.com\/wp-content\/uploads\/2024\/06\/rutini.png","width":313,"height":56,"caption":"Rutini Wines"},"image":{"@id":"https:\/\/rutiniwines.com\/#\/schema\/logo\/image\/"}}]}},"uagb_featured_image_src":{"full":false,"thumbnail":false,"medium":false,"medium_large":false,"large":false,"1536x1536":false,"2048x2048":false},"uagb_author_info":{"display_name":"adminr","author_link":"https:\/\/rutiniwines.com\/pt-br\/author\/adminr\/"},"uagb_comment_info":0,"uagb_excerpt":"Equipe Enologia Mariano Di Paola, uma figura importante no setor de vinhos argentino, \u00e9 o en\u00f3logo-chefe da Rutini Wines desde [&hellip;]","_links":{"self":[{"href":"https:\/\/rutiniwines.com\/pt-br\/wp-json\/wp\/v2\/pages\/22875","targetHints":{"allow":["GET"]}}],"collection":[{"href":"https:\/\/rutiniwines.com\/pt-br\/wp-json\/wp\/v2\/pages"}],"about":[{"href":"https:\/\/rutiniwines.com\/pt-br\/wp-json\/wp\/v2\/types\/page"}],"author":[{"embeddable":true,"href":"https:\/\/rutiniwines.com\/pt-br\/wp-json\/wp\/v2\/users\/1"}],"replies":[{"embeddable":true,"href":"https:\/\/rutiniwines.com\/pt-br\/wp-json\/wp\/v2\/comments?post=22875"}],"version-history":[{"count":4,"href":"https:\/\/rutiniwines.com\/pt-br\/wp-json\/wp\/v2\/pages\/22875\/revisions"}],"predecessor-version":[{"id":25991,"href":"https:\/\/rutiniwines.com\/pt-br\/wp-json\/wp\/v2\/pages\/22875\/revisions\/25991"}],"wp:attachment":[{"href":"https:\/\/rutiniwines.com\/pt-br\/wp-json\/wp\/v2\/media?parent=22875"}],"curies":[{"name":"wp","href":"https:\/\/api.w.org\/{rel}","templated":true}]}}