{"id":22881,"date":"2024-06-14T18:06:32","date_gmt":"2024-06-14T21:06:32","guid":{"rendered":"https:\/\/rutiniwines.com\/la-bodega\/"},"modified":"2025-06-05T11:17:26","modified_gmt":"2025-06-05T14:17:26","slug":"vinicola","status":"publish","type":"page","link":"https:\/\/rutiniwines.com\/pt-br\/vinicola\/","title":{"rendered":"Vin\u00edcola"},"content":{"rendered":"\n<div class=\"wp-block-uagb-image alignfull uagb-block-c0fff2da wp-block-uagb-image--layout-default wp-block-uagb-image--effect-static wp-block-uagb-image--align-full animated fadeIn\"><figure class=\"wp-block-uagb-image__figure\"><img decoding=\"async\" srcset=\"https:\/\/rutiniwines.com\/wp-content\/uploads\/2024\/06\/bodega-rutini-1024x427.jpg ,https:\/\/rutiniwines.com\/wp-content\/uploads\/2024\/06\/bodega-rutini.jpg 780w, https:\/\/rutiniwines.com\/wp-content\/uploads\/2024\/06\/bodega-rutini.jpg 360w\" sizes=\"auto, (max-width: 480px) 150px\" src=\"https:\/\/rutiniwines.com\/wp-content\/uploads\/2024\/06\/bodega-rutini-1024x427.jpg\" alt=\"\" class=\"uag-image-352\" width=\"1440\" height=\"600\" title=\"bodega-rutini\" loading=\"lazy\" role=\"img\"\/><\/figure><\/div>\n\n\n\n<div class=\"wp-block-columns alignwide is-layout-flex wp-container-core-columns-is-layout-28f84493 wp-block-columns-is-layout-flex\" id=\"historia\">\n<div class=\"wp-block-column col-w is-layout-flow wp-block-column-is-layout-flow\">\n<div class=\"wp-block-columns is-layout-flex wp-container-core-columns-is-layout-28f84493 wp-block-columns-is-layout-flex\">\n<div class=\"wp-block-column is-layout-flow wp-block-column-is-layout-flow\">\n<h1 class=\"wp-block-heading has-text-align-center animated fadeInUp\">Vin\u00edcola<\/h1>\n\n\n\n<p class=\"has-text-align-center txt-historia animated fadeInUp\">Com uma produ\u00e7\u00e3o anual de quatorze milh\u00f5es de litros em crescimento permanente, temos instala\u00e7\u00f5es com as mais altas medidas de seguran\u00e7a e higiene para a elabora\u00e7\u00e3o de nossos vinhos em Tupungato, Valle de Uco.<\/p>\n\n\n\n<div class=\"wp-block-columns are-vertically-aligned-center historia-box-white animated fadeInUp is-layout-flex wp-container-core-columns-is-layout-28f84493 wp-block-columns-is-layout-flex\">\n<div class=\"wp-block-column is-vertically-aligned-center is-layout-flow wp-block-column-is-layout-flow\">\n<figure class=\"wp-block-image size-full\"><img loading=\"lazy\" decoding=\"async\" width=\"588\" height=\"314\" src=\"https:\/\/rutiniwines.com\/wp-content\/uploads\/2024\/06\/Bodega-Bodega-Card-1-e1724107593315.png\" alt=\"\" class=\"wp-image-17476\" srcset=\"https:\/\/rutiniwines.com\/wp-content\/uploads\/2024\/06\/Bodega-Bodega-Card-1-e1724107593315.png 588w, https:\/\/rutiniwines.com\/wp-content\/uploads\/2024\/06\/Bodega-Bodega-Card-1-e1724107593315-300x160.png 300w\" sizes=\"auto, (max-width: 588px) 100vw, 588px\" \/><\/figure>\n<\/div>\n\n\n\n<div class=\"wp-block-column is-vertically-aligned-center is-layout-flow wp-block-column-is-layout-flow\">\n<p class=\"txt-historia animated fadeInUp\" style=\"padding-top:var(--wp--preset--spacing--60)\">O pr\u00e9dio foi constru\u00eddo em 2009 para minimizar a dist\u00e2ncia entre o ponto de colheita e o de processamento, evitando assim longas transfer\u00eancias e priorizando a mais alta qualidade.<\/p>\n<\/div>\n<\/div>\n\n\n\n<div class=\"wp-block-columns are-vertically-aligned-top historia-box-white animated fadeInUp is-layout-flex wp-container-core-columns-is-layout-28f84493 wp-block-columns-is-layout-flex\">\n<div class=\"wp-block-column is-vertically-aligned-top is-layout-flow wp-block-column-is-layout-flow\">\n<p class=\"txt-historia animated fadeInUp\" style=\"margin-top:var(--wp--preset--spacing--70)\">Para a produ\u00e7\u00e3o, temos diferentes tipos de cont\u00eaineres, v\u00e1rios deles projetados por n\u00f3s mesmos, como resultado de nossa voca\u00e7\u00e3o para a inova\u00e7\u00e3o, experimenta\u00e7\u00e3o permanente e das id\u00e9ias contribu\u00eddas por nossa equipe de enolog\u00eda.<\/p>\n<\/div>\n\n\n\n<div class=\"wp-block-column is-vertically-aligned-top is-layout-flow wp-block-column-is-layout-flow\">\n<figure class=\"wp-block-image size-full\"><img loading=\"lazy\" decoding=\"async\" width=\"582\" height=\"312\" src=\"https:\/\/rutiniwines.com\/wp-content\/uploads\/2024\/06\/Bodega-Bodega-Card-2-e1724107676363.png\" alt=\"\" class=\"wp-image-17480\" srcset=\"https:\/\/rutiniwines.com\/wp-content\/uploads\/2024\/06\/Bodega-Bodega-Card-2-e1724107676363.png 582w, https:\/\/rutiniwines.com\/wp-content\/uploads\/2024\/06\/Bodega-Bodega-Card-2-e1724107676363-300x161.png 300w\" sizes=\"auto, (max-width: 582px) 100vw, 582px\" \/><\/figure>\n<\/div>\n<\/div>\n\n\n\n<div class=\"wp-block-columns are-vertically-aligned-center historia-box-white animated fadeInUp is-layout-flex wp-container-core-columns-is-layout-28f84493 wp-block-columns-is-layout-flex\">\n<div class=\"wp-block-column is-vertically-aligned-center is-layout-flow wp-block-column-is-layout-flow\">\n<figure class=\"wp-block-image size-full\"><img loading=\"lazy\" decoding=\"async\" width=\"568\" height=\"464\" src=\"https:\/\/rutiniwines.com\/wp-content\/uploads\/2024\/08\/Bodega-Bodega-Card-3.jpg\" alt=\"\" class=\"wp-image-20500\" srcset=\"https:\/\/rutiniwines.com\/wp-content\/uploads\/2024\/08\/Bodega-Bodega-Card-3.jpg 568w, https:\/\/rutiniwines.com\/wp-content\/uploads\/2024\/08\/Bodega-Bodega-Card-3-300x245.jpg 300w\" sizes=\"auto, (max-width: 568px) 100vw, 568px\" \/><\/figure>\n<\/div>\n\n\n\n<div class=\"wp-block-column is-vertically-aligned-center is-layout-flow wp-block-column-is-layout-flow\">\n<p class=\"txt-historia animated fadeInUp\">Destacam-se os 60 fermentadores de rolo de 600 litros cada, destinados \u00e0s microfermenta\u00e7\u00f5es de uvas tintas para as linhas mais altas e misturas.\nTamb\u00e9m os barris de 500 litros para vinhos brancos e ros\u00e9s, cujo volume maior reduz o contato da madeira com o vinho e d\u00e1 origem a notas sutis.\nN\u00e3o podemos esquecer de mencionar nosso foudre de 2500 litros e 12 perl\u00eas, que \u00e9 fundamental para a fermenta\u00e7\u00e3o pressurizada de uvas tintas, bem como tanques de diamante e tanques c\u00f4nicos, entre muitos outros recursos a servi\u00e7o da qualidade e da precis\u00e3o enol\u00f3gica.  <\/p>\n<\/div>\n<\/div>\n<\/div>\n<\/div>\n<\/div>\n<\/div>\n\n\n\n<div class=\"wp-block-cover alignfull has-parallax\" style=\"min-height:600px;aspect-ratio:unset;\" id=\"historia-fija\"><div class=\"wp-block-cover__image-background wp-image-17488 has-parallax\" style=\"background-position:50% 50%;background-image:url(https:\/\/rutiniwines.com\/wp-content\/uploads\/2024\/06\/Bodega-Bodega-Full-Width.jpg)\"><\/div><span aria-hidden=\"true\" class=\"wp-block-cover__background has-background-dim-0 has-background-dim\" style=\"background-color:#302d29\"><\/span><div class=\"wp-block-cover__inner-container is-layout-constrained wp-block-cover-is-layout-constrained\">\n<p class=\"has-text-align-center\">Amplo espa\u00e7o no segundo subsolo de nossa adega com temperatura e umidade controladas, onde armazenamos permanentemente cerca de 6500 barris.\nQuase totalmente composto por barris de carvalho franc\u00eas, nos quais nossos vinhos descansam at\u00e9 obterem seus melhores perfis, que s\u00e3o destinados \u00e0s diferentes linhas de acordo com seu estilo e qualidade.\nEles s\u00e3o fornecidos por diferentes tanoarias com caracter\u00edsticas t\u00edpicas das florestas e do clima de suas v\u00e1rias regi\u00f5es de origem na Fran\u00e7a.  <\/p>\n<\/div><\/div>\n","protected":false},"excerpt":{"rendered":"<p>Vin\u00edcola Com uma produ\u00e7\u00e3o anual de quatorze milh\u00f5es de litros em crescimento permanente, temos instala\u00e7\u00f5es com as mais altas medidas [&hellip;]<\/p>\n","protected":false},"author":1,"featured_media":17475,"parent":0,"menu_order":0,"comment_status":"closed","ping_status":"closed","template":"","meta":{"_uag_custom_page_level_css":"","site-sidebar-layout":"default","site-content-layout":"","ast-site-content-layout":"full-width-container","site-content-style":"default","site-sidebar-style":"default","ast-global-header-display":"","ast-banner-title-visibility":"","ast-main-header-display":"","ast-hfb-above-header-display":"","ast-hfb-below-header-display":"","ast-hfb-mobile-header-display":"","site-post-title":"","ast-breadcrumbs-content":"","ast-featured-img":"","footer-sml-layout":"","ast-disable-related-posts":"","theme-transparent-header-meta":"","adv-header-id-meta":"","stick-header-meta":"","header-above-stick-meta":"","header-main-stick-meta":"","header-below-stick-meta":"","astra-migrate-meta-layouts":"default","ast-page-background-enabled":"default","ast-page-background-meta":{"desktop":{"background-color":"var(--ast-global-color-4)","background-image":"","background-repeat":"repeat","background-position":"center center","background-size":"auto","background-attachment":"scroll","background-type":"","background-media":"","overlay-type":"","overlay-color":"","overlay-opacity":"","overlay-gradient":""},"tablet":{"background-color":"","background-image":"","background-repeat":"repeat","background-position":"center center","background-size":"auto","background-attachment":"scroll","background-type":"","background-media":"","overlay-type":"","overlay-color":"","overlay-opacity":"","overlay-gradient":""},"mobile":{"background-color":"","background-image":"","background-repeat":"repeat","background-position":"center center","background-size":"auto","background-attachment":"scroll","background-type":"","background-media":"","overlay-type":"","overlay-color":"","overlay-opacity":"","overlay-gradient":""}},"ast-content-background-meta":{"desktop":{"background-color":"var(--ast-global-color-5)","background-image":"","background-repeat":"repeat","background-position":"center center","background-size":"auto","background-attachment":"scroll","background-type":"","background-media":"","overlay-type":"","overlay-color":"","overlay-opacity":"","overlay-gradient":""},"tablet":{"background-color":"var(--ast-global-color-5)","background-image":"","background-repeat":"repeat","background-position":"center center","background-size":"auto","background-attachment":"scroll","background-type":"","background-media":"","overlay-type":"","overlay-color":"","overlay-opacity":"","overlay-gradient":""},"mobile":{"background-color":"var(--ast-global-color-5)","background-image":"","background-repeat":"repeat","background-position":"center center","background-size":"auto","background-attachment":"scroll","background-type":"","background-media":"","overlay-type":"","overlay-color":"","overlay-opacity":"","overlay-gradient":""}},"footnotes":"","_links_to":"","_links_to_target":""},"class_list":["post-22881","page","type-page","status-publish","has-post-thumbnail","hentry"],"yoast_head":"<!-- This site is optimized with the Yoast SEO plugin v26.8 - https:\/\/yoast.com\/product\/yoast-seo-wordpress\/ -->\n<title>Vin\u00edcola - Bodega Rutini Wines<\/title>\n<meta name=\"description\" content=\"Com uma produ\u00e7\u00e3o em constante crescimento, temos instala\u00e7\u00f5es sob as mais rigorosas medidas de seguran\u00e7a e higiene em Tupungato, Valle de Uco.\" \/>\n<meta name=\"robots\" content=\"index, follow, max-snippet:-1, max-image-preview:large, max-video-preview:-1\" \/>\n<link rel=\"canonical\" href=\"https:\/\/rutiniwines.com\/pt-br\/vinicola\/\" \/>\n<meta property=\"og:locale\" content=\"pt_BR\" \/>\n<meta property=\"og:type\" content=\"article\" \/>\n<meta property=\"og:title\" content=\"Vin\u00edcola - Bodega Rutini Wines\" \/>\n<meta property=\"og:description\" content=\"Com uma produ\u00e7\u00e3o em constante crescimento, temos instala\u00e7\u00f5es sob as mais rigorosas medidas de seguran\u00e7a e higiene em Tupungato, Valle de Uco.\" \/>\n<meta property=\"og:url\" content=\"https:\/\/rutiniwines.com\/pt-br\/vinicola\/\" \/>\n<meta property=\"og:site_name\" content=\"Bodega Rutini Wines\" \/>\n<meta property=\"article:modified_time\" content=\"2025-06-05T14:17:26+00:00\" \/>\n<meta property=\"og:image\" content=\"https:\/\/rutiniwines.com\/wp-content\/uploads\/2024\/06\/Bodega-Bodega-Header.jpg\" \/>\n\t<meta property=\"og:image:width\" content=\"1920\" \/>\n\t<meta property=\"og:image:height\" content=\"1080\" \/>\n\t<meta property=\"og:image:type\" content=\"image\/jpeg\" \/>\n<meta name=\"twitter:card\" content=\"summary_large_image\" \/>\n<meta name=\"twitter:label1\" content=\"Est. tempo de leitura\" \/>\n\t<meta name=\"twitter:data1\" content=\"3 minutos\" \/>\n<script type=\"application\/ld+json\" class=\"yoast-schema-graph\">{\"@context\":\"https:\/\/schema.org\",\"@graph\":[{\"@type\":\"WebPage\",\"@id\":\"https:\/\/rutiniwines.com\/pt-br\/vinicola\/\",\"url\":\"https:\/\/rutiniwines.com\/pt-br\/vinicola\/\",\"name\":\"Vin\u00edcola - Bodega Rutini Wines\",\"isPartOf\":{\"@id\":\"https:\/\/rutiniwines.com\/#website\"},\"primaryImageOfPage\":{\"@id\":\"https:\/\/rutiniwines.com\/pt-br\/vinicola\/#primaryimage\"},\"image\":{\"@id\":\"https:\/\/rutiniwines.com\/pt-br\/vinicola\/#primaryimage\"},\"thumbnailUrl\":\"https:\/\/rutiniwines.com\/wp-content\/uploads\/2024\/06\/Bodega-Bodega-Header.jpg\",\"datePublished\":\"2024-06-14T21:06:32+00:00\",\"dateModified\":\"2025-06-05T14:17:26+00:00\",\"description\":\"Com uma produ\u00e7\u00e3o em constante crescimento, temos instala\u00e7\u00f5es sob as mais rigorosas medidas de seguran\u00e7a e higiene em Tupungato, Valle de Uco.\",\"breadcrumb\":{\"@id\":\"https:\/\/rutiniwines.com\/pt-br\/vinicola\/#breadcrumb\"},\"inLanguage\":\"pt-BR\",\"potentialAction\":[{\"@type\":\"ReadAction\",\"target\":[\"https:\/\/rutiniwines.com\/pt-br\/vinicola\/\"]}]},{\"@type\":\"ImageObject\",\"inLanguage\":\"pt-BR\",\"@id\":\"https:\/\/rutiniwines.com\/pt-br\/vinicola\/#primaryimage\",\"url\":\"https:\/\/rutiniwines.com\/wp-content\/uploads\/2024\/06\/Bodega-Bodega-Header.jpg\",\"contentUrl\":\"https:\/\/rutiniwines.com\/wp-content\/uploads\/2024\/06\/Bodega-Bodega-Header.jpg\",\"width\":1920,\"height\":1080},{\"@type\":\"BreadcrumbList\",\"@id\":\"https:\/\/rutiniwines.com\/pt-br\/vinicola\/#breadcrumb\",\"itemListElement\":[{\"@type\":\"ListItem\",\"position\":1,\"name\":\"Portada\",\"item\":\"https:\/\/rutiniwines.com\/pt-br\/\"},{\"@type\":\"ListItem\",\"position\":2,\"name\":\"Vin\u00edcola\"}]},{\"@type\":\"WebSite\",\"@id\":\"https:\/\/rutiniwines.com\/#website\",\"url\":\"https:\/\/rutiniwines.com\/\",\"name\":\"Bodega Rutini Wines\",\"description\":\"Valle de Uco - Mendoza - Argentina\",\"publisher\":{\"@id\":\"https:\/\/rutiniwines.com\/#organization\"},\"potentialAction\":[{\"@type\":\"SearchAction\",\"target\":{\"@type\":\"EntryPoint\",\"urlTemplate\":\"https:\/\/rutiniwines.com\/?s={search_term_string}\"},\"query-input\":{\"@type\":\"PropertyValueSpecification\",\"valueRequired\":true,\"valueName\":\"search_term_string\"}}],\"inLanguage\":\"pt-BR\"},{\"@type\":\"Organization\",\"@id\":\"https:\/\/rutiniwines.com\/#organization\",\"name\":\"Rutini Wines\",\"alternateName\":\"Rutini\",\"url\":\"https:\/\/rutiniwines.com\/\",\"logo\":{\"@type\":\"ImageObject\",\"inLanguage\":\"pt-BR\",\"@id\":\"https:\/\/rutiniwines.com\/#\/schema\/logo\/image\/\",\"url\":\"https:\/\/rutiniwines.com\/wp-content\/uploads\/2024\/06\/rutini.png\",\"contentUrl\":\"https:\/\/rutiniwines.com\/wp-content\/uploads\/2024\/06\/rutini.png\",\"width\":313,\"height\":56,\"caption\":\"Rutini Wines\"},\"image\":{\"@id\":\"https:\/\/rutiniwines.com\/#\/schema\/logo\/image\/\"}}]}<\/script>\n<!-- \/ Yoast SEO plugin. -->","yoast_head_json":{"title":"Vin\u00edcola - Bodega Rutini Wines","description":"Com uma produ\u00e7\u00e3o em constante crescimento, temos instala\u00e7\u00f5es sob as mais rigorosas medidas de seguran\u00e7a e higiene em Tupungato, Valle de Uco.","robots":{"index":"index","follow":"follow","max-snippet":"max-snippet:-1","max-image-preview":"max-image-preview:large","max-video-preview":"max-video-preview:-1"},"canonical":"https:\/\/rutiniwines.com\/pt-br\/vinicola\/","og_locale":"pt_BR","og_type":"article","og_title":"Vin\u00edcola - Bodega Rutini Wines","og_description":"Com uma produ\u00e7\u00e3o em constante crescimento, temos instala\u00e7\u00f5es sob as mais rigorosas medidas de seguran\u00e7a e higiene em Tupungato, Valle de Uco.","og_url":"https:\/\/rutiniwines.com\/pt-br\/vinicola\/","og_site_name":"Bodega Rutini Wines","article_modified_time":"2025-06-05T14:17:26+00:00","og_image":[{"width":1920,"height":1080,"url":"https:\/\/rutiniwines.com\/wp-content\/uploads\/2024\/06\/Bodega-Bodega-Header.jpg","type":"image\/jpeg"}],"twitter_card":"summary_large_image","twitter_misc":{"Est. tempo de leitura":"3 minutos"},"schema":{"@context":"https:\/\/schema.org","@graph":[{"@type":"WebPage","@id":"https:\/\/rutiniwines.com\/pt-br\/vinicola\/","url":"https:\/\/rutiniwines.com\/pt-br\/vinicola\/","name":"Vin\u00edcola - Bodega Rutini Wines","isPartOf":{"@id":"https:\/\/rutiniwines.com\/#website"},"primaryImageOfPage":{"@id":"https:\/\/rutiniwines.com\/pt-br\/vinicola\/#primaryimage"},"image":{"@id":"https:\/\/rutiniwines.com\/pt-br\/vinicola\/#primaryimage"},"thumbnailUrl":"https:\/\/rutiniwines.com\/wp-content\/uploads\/2024\/06\/Bodega-Bodega-Header.jpg","datePublished":"2024-06-14T21:06:32+00:00","dateModified":"2025-06-05T14:17:26+00:00","description":"Com uma produ\u00e7\u00e3o em constante crescimento, temos instala\u00e7\u00f5es sob as mais rigorosas medidas de seguran\u00e7a e higiene em Tupungato, Valle de Uco.","breadcrumb":{"@id":"https:\/\/rutiniwines.com\/pt-br\/vinicola\/#breadcrumb"},"inLanguage":"pt-BR","potentialAction":[{"@type":"ReadAction","target":["https:\/\/rutiniwines.com\/pt-br\/vinicola\/"]}]},{"@type":"ImageObject","inLanguage":"pt-BR","@id":"https:\/\/rutiniwines.com\/pt-br\/vinicola\/#primaryimage","url":"https:\/\/rutiniwines.com\/wp-content\/uploads\/2024\/06\/Bodega-Bodega-Header.jpg","contentUrl":"https:\/\/rutiniwines.com\/wp-content\/uploads\/2024\/06\/Bodega-Bodega-Header.jpg","width":1920,"height":1080},{"@type":"BreadcrumbList","@id":"https:\/\/rutiniwines.com\/pt-br\/vinicola\/#breadcrumb","itemListElement":[{"@type":"ListItem","position":1,"name":"Portada","item":"https:\/\/rutiniwines.com\/pt-br\/"},{"@type":"ListItem","position":2,"name":"Vin\u00edcola"}]},{"@type":"WebSite","@id":"https:\/\/rutiniwines.com\/#website","url":"https:\/\/rutiniwines.com\/","name":"Bodega Rutini Wines","description":"Valle de Uco - Mendoza - Argentina","publisher":{"@id":"https:\/\/rutiniwines.com\/#organization"},"potentialAction":[{"@type":"SearchAction","target":{"@type":"EntryPoint","urlTemplate":"https:\/\/rutiniwines.com\/?s={search_term_string}"},"query-input":{"@type":"PropertyValueSpecification","valueRequired":true,"valueName":"search_term_string"}}],"inLanguage":"pt-BR"},{"@type":"Organization","@id":"https:\/\/rutiniwines.com\/#organization","name":"Rutini Wines","alternateName":"Rutini","url":"https:\/\/rutiniwines.com\/","logo":{"@type":"ImageObject","inLanguage":"pt-BR","@id":"https:\/\/rutiniwines.com\/#\/schema\/logo\/image\/","url":"https:\/\/rutiniwines.com\/wp-content\/uploads\/2024\/06\/rutini.png","contentUrl":"https:\/\/rutiniwines.com\/wp-content\/uploads\/2024\/06\/rutini.png","width":313,"height":56,"caption":"Rutini Wines"},"image":{"@id":"https:\/\/rutiniwines.com\/#\/schema\/logo\/image\/"}}]}},"uagb_featured_image_src":{"full":["https:\/\/rutiniwines.com\/wp-content\/uploads\/2024\/06\/Bodega-Bodega-Header.jpg",1920,1080,false],"thumbnail":["https:\/\/rutiniwines.com\/wp-content\/uploads\/2024\/06\/Bodega-Bodega-Header-150x150.jpg",150,150,true],"medium":["https:\/\/rutiniwines.com\/wp-content\/uploads\/2024\/06\/Bodega-Bodega-Header-300x169.jpg",300,169,true],"medium_large":["https:\/\/rutiniwines.com\/wp-content\/uploads\/2024\/06\/Bodega-Bodega-Header-768x432.jpg",768,432,true],"large":["https:\/\/rutiniwines.com\/wp-content\/uploads\/2024\/06\/Bodega-Bodega-Header-1024x576.jpg",1024,576,true],"1536x1536":["https:\/\/rutiniwines.com\/wp-content\/uploads\/2024\/06\/Bodega-Bodega-Header-1536x864.jpg",1536,864,true],"2048x2048":["https:\/\/rutiniwines.com\/wp-content\/uploads\/2024\/06\/Bodega-Bodega-Header.jpg",1920,1080,false]},"uagb_author_info":{"display_name":"adminr","author_link":"https:\/\/rutiniwines.com\/pt-br\/author\/adminr\/"},"uagb_comment_info":0,"uagb_excerpt":"Vin\u00edcola Com uma produ\u00e7\u00e3o anual de quatorze milh\u00f5es de litros em crescimento permanente, temos instala\u00e7\u00f5es com as mais altas medidas [&hellip;]","_links":{"self":[{"href":"https:\/\/rutiniwines.com\/pt-br\/wp-json\/wp\/v2\/pages\/22881","targetHints":{"allow":["GET"]}}],"collection":[{"href":"https:\/\/rutiniwines.com\/pt-br\/wp-json\/wp\/v2\/pages"}],"about":[{"href":"https:\/\/rutiniwines.com\/pt-br\/wp-json\/wp\/v2\/types\/page"}],"author":[{"embeddable":true,"href":"https:\/\/rutiniwines.com\/pt-br\/wp-json\/wp\/v2\/users\/1"}],"replies":[{"embeddable":true,"href":"https:\/\/rutiniwines.com\/pt-br\/wp-json\/wp\/v2\/comments?post=22881"}],"version-history":[{"count":7,"href":"https:\/\/rutiniwines.com\/pt-br\/wp-json\/wp\/v2\/pages\/22881\/revisions"}],"predecessor-version":[{"id":26027,"href":"https:\/\/rutiniwines.com\/pt-br\/wp-json\/wp\/v2\/pages\/22881\/revisions\/26027"}],"wp:featuredmedia":[{"embeddable":true,"href":"https:\/\/rutiniwines.com\/pt-br\/wp-json\/wp\/v2\/media\/17475"}],"wp:attachment":[{"href":"https:\/\/rutiniwines.com\/pt-br\/wp-json\/wp\/v2\/media?parent=22881"}],"curies":[{"name":"wp","href":"https:\/\/api.w.org\/{rel}","templated":true}]}}